{"id":2,"date":"2022-04-21T21:01:35","date_gmt":"2022-04-21T21:01:35","guid":{"rendered":"https:\/\/luxiegroup.com.ec\/?page_id=2"},"modified":"2023-03-15T09:49:28","modified_gmt":"2023-03-15T14:49:28","slug":"inicio","status":"publish","type":"page","link":"https:\/\/luxiegroup.com.ec\/index.php\/inicio\/","title":{"rendered":"PRODUCTOS Y SERVICIOS"},"content":{"rendered":"<h2>NUESTROS PRODUCTOS<\/h2>\n<div>\n<p>LUXIE es representante autorizado para Ecuador de los fabricantes m\u00e1s grandes\u00a0del\u00a0mundo\u00a0en:<\/p>\n<\/div>\n<ul>\n<li>\n<div>\n<p>Motores el\u00e9ctricos de todo tipo para el sector industrial y de oil &amp; gas, bajo normas NEMA e IEC.<\/p>\n<\/div>\n<\/li>\n<li>\n<div>\n<p>Instrumentaci\u00f3n de procesos.<\/p>\n<\/div>\n<\/li>\n<li>\n<div>\n<p>Alternadores.<\/p>\n<\/div>\n<\/li>\n<li>\n<div>\n<p>Fusibles de baja y media tensi\u00f3n.<\/p>\n<\/div>\n<\/li>\n<li>\n<div>\n<p>Sistema de alerta y se\u00f1alizaci\u00f3n.<\/p>\n<\/div>\n<\/li>\n<li>\n<div>\n<p>Infraestructura Industrial de Redes.<\/p>\n<\/div>\n<\/li>\n<li>\n<div>\n<p>Gateways y conversores.<\/p>\n<\/div>\n<\/li>\n<\/ul>\n<p>\n    <a href=\"\/index.php\/nuestras-marcas\/\">VER M\u00c1S<\/a>\n<\/p>\n<h2>NUESTRAS MARCAS<\/h2>\n<ul>\n<li>\n<p>        <img decoding=\"async\" src=\"\/wp-content\/uploads\/2022\/09\/nidec-motor-corporation-logo.png\" alt=\"\"><\/p>\n<p><a href=\"\/index.php\/nuestras-marcas\/nidec\/\"><\/a><\/p>\n<\/li>\n<li>\n<p>        <img decoding=\"async\" src=\"\/wp-content\/uploads\/2022\/09\/US-MOTORS-LOGO-GRANDE.png\" alt=\"\"><\/p>\n<p><a href=\"\/index.php\/nuestras-marcas\/us-motors\/\"><\/a><\/p>\n<\/li>\n<li>\n<p>        <img decoding=\"async\" src=\"\/wp-content\/uploads\/2022\/07\/Leroy-Somer-Logo.jpg\" alt=\"\"><\/p>\n<p><a href=\"\/index.php\/nuestras-marcas\/leroy-sommer\/\"><\/a><\/p>\n<\/li>\n<li>\n<p>        <img decoding=\"async\" src=\"\/wp-content\/uploads\/2022\/09\/Siemens-logo.png\" alt=\"\"><\/p>\n<p><a href=\"\/index.php\/nuestras-marcas\/siemens\/\"><\/a><\/p>\n<\/li>\n<li>\n<p>        <img decoding=\"async\" src=\"\/wp-content\/uploads\/2022\/09\/federal-signal-logo.png\" alt=\"\"><\/p>\n<p><a href=\"\/index.php\/nuestras-marcas\/federal-signal\/\"><\/a><\/p>\n<\/li>\n<li>\n<p>        <img decoding=\"async\" src=\"\/wp-content\/uploads\/2022\/09\/cooper-bussmann-logo.png\" alt=\"\"><\/p>\n<p><a href=\"\/index.php\/nuestras-marcas\/cooper-bussmann\/\"><\/a><\/p>\n<\/li>\n<li>\n<p>        <img decoding=\"async\" src=\"\/wp-content\/uploads\/2023\/02\/NuFlo-logo-V2.jpg\" alt=\"\"><\/p>\n<p><a href=\"\/index.php\/nuestras-marcas\/nuflo\/\"><\/a><\/p>\n<\/li>\n<li>\n<p>        <img decoding=\"async\" src=\"\/wp-content\/uploads\/2022\/12\/MOXA-logo.png\" alt=\"\"><\/p>\n<p><a href=\"\/index.php\/nuestras-marcas\/moxa\/\"><\/a><\/p>\n<\/li>\n<li>\n<p>        <img decoding=\"async\" src=\"\/wp-content\/uploads\/2022\/12\/Prosoft-logo.png\" alt=\"\"><\/p>\n<p><a href=\"\/index.php\/nuestras-marcas\/prosoft\/\"><\/a><\/p>\n<\/li>\n<\/ul>\n<h2>NUESTROS SERVICIOS<\/h2>\n<ul>\n<li>\n<p>        <img decoding=\"async\" src=\"\/wp-content\/uploads\/2023\/02\/Seleccion-y-Asesoria-Luxie.png\" alt=\"\"><\/p>\n<h3>Selecci\u00f3n y Asesor\u00eda<\/h3>\n<div>\n<p><span>De acuerdo con la necesidad y complejidad del proyecto apoyamos al cliente en una adecuada selecci\u00f3n del equipo a utilizar.<\/span><\/p>\n<\/div>\n<\/li>\n<li>\n<p>        <img decoding=\"async\" src=\"\/wp-content\/uploads\/2023\/02\/Puesta-en-Marcha-Luxie.png\" alt=\"\"><\/p>\n<h3>Puesta en Marcha<\/h3>\n<div>\n<p><span>Arrancamos el equipo seleccionado bajo las instrucciones del fabricante para garantizar la operaci\u00f3n satisfactoria.<\/span><\/p>\n<\/div>\n<\/li>\n<li>\n<p>        <img decoding=\"async\" src=\"\/wp-content\/uploads\/2023\/02\/Instalacion-Luxie.png\" alt=\"\"><\/p>\n<h3>Instalaci\u00f3n y Revisi\u00f3n<\/h3>\n<div>\n<p><span>Entregamos la documentaci\u00f3n para la instalaci\u00f3n correcta, supervisamos en campo y si lo solicita instalamos el equipo recomendado<\/span><\/p>\n<\/div>\n<\/li>\n<li>\n<p>        <img decoding=\"async\" src=\"\/wp-content\/uploads\/2023\/02\/Garantia-Luxie-1.png\" alt=\"\"><\/p>\n<h3>Garant\u00eda Extendida<\/h3>\n<div>\n<p><span>La calidad de nuestros equipos nos permite ofrecer garant\u00eda extendida.<\/span><\/p>\n<\/div>\n<\/li>\n<\/ul>\n<h1>NUESTROS CLIENTES<\/h1>\n<h1>Clientes que han depositado su confianza en nosotros<\/h1>\n<ul>\n<li>\n<p>        <img decoding=\"async\" src=\"\/wp-content\/uploads\/2022\/09\/Petroecuador.png\" alt=\"\"><\/p>\n<h3>EP &#8211; PETROECUADOR &#8211; MONTEVERDE<\/h3>\n<\/li>\n<li>\n<p>        <img decoding=\"async\" src=\"\/wp-content\/uploads\/2022\/09\/ep-emapa-logo.jpg\" alt=\"\"><\/p>\n<h3>EMPRESA MUNICIPAL DE AGUA POTABLE Y ALCANTIRALLADO DE AMBATO &#8211; EP-EMAPA<\/h3>\n<\/li>\n<li>\n<p>        <img decoding=\"async\" src=\"\/wp-content\/uploads\/2023\/01\/AnyConv.com__LOGO-CPP.jpg\" alt=\"\"><\/p>\n<h3>CPP<\/h3>\n<\/li>\n<li>\n<p>        <img decoding=\"async\" src=\"\/wp-content\/uploads\/2023\/02\/logo-micabal.png\" alt=\"\"><\/p>\n<h3>ELECTROINDUSTRIAL MICABAL<\/h3>\n<\/li>\n<li>\n<p>        <img decoding=\"async\" src=\"\/wp-content\/uploads\/2022\/12\/cartopel_logo_ns.png\" alt=\"\"><\/p>\n<h3>CARTOPEL<\/h3>\n<\/li>\n<li>\n<p>        <img decoding=\"async\" src=\"\/wp-content\/uploads\/2022\/12\/logo-sedemi.png\" alt=\"\"><\/p>\n<h3>SEDEMI<\/h3>\n<\/li>\n<li>\n<p>        <img decoding=\"async\" src=\"\/wp-content\/uploads\/2022\/12\/proteco_coasin.svg\" alt=\"\"><\/p>\n<h3>PROTECO COASIN<\/h3>\n<\/li>\n<li>\n<p>        <img decoding=\"async\" src=\"\/wp-content\/uploads\/2022\/12\/ucem_logo.jpg\" alt=\"\"><\/p>\n<h3>UNION CEMENTERA NACIONAL<\/h3>\n<\/li>\n<li>\n<p>        <img decoding=\"async\" src=\"\/wp-content\/uploads\/2022\/12\/novacero_Logo.png\" alt=\"\"><\/p>\n<h3>NOVACERO<\/h3>\n<\/li>\n<li>\n<p>        <img decoding=\"async\" src=\"\/wp-content\/uploads\/2022\/09\/veltek-logo.png\" alt=\"\"><\/p>\n<h3>VELTEK<\/h3>\n<\/li>\n<\/ul>\n<h1>\u00bfNecesitas informaci\u00f3n t\u00e9cnica?<\/h1>\n<p>\n    <a href=\"\/index.php\/contacto\/\">CONT\u00c1CTANOS<\/a>\n<\/p>\n<p><!--more--><br \/>\n<!-- {\"type\":\"layout\",\"children\":[{\"type\":\"section\",\"props\":{\"animation\":\"fade\",\"animation_delay\":\"200\",\"image_position\":\"center-center\",\"padding\":\"none\",\"padding_remove_top\":false,\"style\":\"default\",\"title_breakpoint\":\"xl\",\"title_position\":\"top-left\",\"title_rotation\":\"left\",\"vertical_align\":\"middle\",\"width\":\"default\"},\"children\":[{\"type\":\"row\",\"props\":{\"margin\":\"large\"},\"children\":[{\"type\":\"column\",\"props\":{\"image_position\":\"center-center\",\"media_overlay_gradient\":\"\",\"position_sticky_breakpoint\":\"m\"},\"children\":[{\"type\":\"headline\",\"props\":{\"animation\":\"none\",\"content\":\"NUESTROS PRODUCTOS\",\"text_align\":\"center\",\"title_color\":\"primary\",\"title_element\":\"h2\"}}]}]},{\"type\":\"row\",\"props\":{\"layout\":\"1-2,1-2\",\"margin\":\"large\"},\"children\":[{\"type\":\"column\",\"props\":{\"image_position\":\"center-center\",\"media_overlay_gradient\":\"\",\"position_sticky_breakpoint\":\"m\",\"vertical_align\":\"middle\",\"width_medium\":\"1-2\"},\"children\":[{\"type\":\"text\",\"props\":{\"column_breakpoint\":\"m\",\"content\":\"\n\n<p>LUXIE es representante autorizado para Ecuador de los fabricantes m\\u00e1s grandes\\u00a0del\\u00a0mundo\\u00a0en:<\\\/p>\",\"margin\":\"default\"}}]},{\"type\":\"column\",\"props\":{\"image_position\":\"center-center\",\"media_overlay_gradient\":\"\",\"position_sticky_breakpoint\":\"m\",\"width_medium\":\"1-2\"},\"children\":[{\"type\":\"list\",\"props\":{\"column_breakpoint\":\"m\",\"image_align\":\"left\",\"image_svg_color\":\"emphasis\",\"image_vertical_align\":true,\"list_element\":\"ul\",\"list_horizontal_separator\":\", \",\"list_marker\":\"disc\",\"list_type\":\"vertical\",\"show_image\":true,\"show_link\":true},\"children\":[{\"type\":\"list_item\",\"props\":{\"content\":\"\n\n<p>Motores el\\u00e9ctricos de todo tipo para el sector industrial y de oil &amp; gas, bajo normas NEMA e IEC.<\\\/p>\"}},{\"type\":\"list_item\",\"props\":{\"content\":\"\n\n<p>Instrumentaci\\u00f3n de procesos.<\\\/p>\"}},{\"type\":\"list_item\",\"props\":{\"content\":\"\n\n<p>Alternadores.<\\\/p>\"}},{\"type\":\"list_item\",\"props\":{\"content\":\"\n\n<p>Fusibles de baja y media tensi\\u00f3n.<\\\/p>\"}},{\"type\":\"list_item\",\"props\":{\"content\":\"\n\n<p>Sistema de alerta y se\\u00f1alizaci\\u00f3n.<\\\/p>\"}},{\"type\":\"list_item\",\"props\":{\"content\":\"\n\n<p>Infraestructura Industrial de Redes.<\\\/p>\"}},{\"type\":\"list_item\",\"props\":{\"content\":\"\n\n<p>Gateways y conversores.<\\\/p>\"}}]},{\"type\":\"button\",\"props\":{\"grid_column_gap\":\"small\",\"grid_row_gap\":\"small\",\"margin\":\"default\",\"text_align\":\"left\",\"text_align_breakpoint\":\"s\",\"text_align_fallback\":\"center\"},\"children\":[{\"type\":\"button_item\",\"props\":{\"button_style\":\"default\",\"content\":\"VER M\\u00c1S\",\"icon_align\":\"left\",\"link\":\"index.php\\\/nuestras-marcas\\\/\"}}]}]}]},{\"type\":\"row\",\"children\":[{\"type\":\"column\",\"props\":{\"image_position\":\"center-center\",\"media_overlay_gradient\":\"\",\"position_sticky_breakpoint\":\"m\"},\"children\":[{\"type\":\"headline\",\"props\":{\"animation\":\"none\",\"content\":\"NUESTRAS MARCAS\",\"margin_remove_bottom\":false,\"text_align\":\"center\",\"title_color\":\"primary\",\"title_element\":\"h2\"}},{\"type\":\"panel-slider\",\"props\":{\"content_column_breakpoint\":\"m\",\"icon_width\":80,\"image_align\":\"top\",\"image_grid_breakpoint\":\"m\",\"image_grid_width\":\"1-2\",\"image_link\":true,\"image_svg_color\":\"emphasis\",\"link_style\":\"default\",\"link_text\":\"\",\"margin\":\"default\",\"meta_align\":\"below-title\",\"meta_element\":\"div\",\"meta_style\":\"text-meta\",\"nav\":\"\",\"nav_align\":\"center\",\"nav_breakpoint\":\"s\",\"panel_card_match\":true,\"show_content\":true,\"show_image\":true,\"show_link\":true,\"show_meta\":true,\"show_title\":true,\"slidenav\":\"\",\"slidenav_breakpoint\":\"xl\",\"slidenav_margin\":\"medium\",\"slidenav_outside_breakpoint\":\"xl\",\"slider_autoplay\":true,\"slider_autoplay_interval\":\"2\",\"slider_autoplay_pause\":true,\"slider_center\":false,\"slider_gap\":\"large\",\"slider_sets\":false,\"slider_width\":\"fixed\",\"slider_width_default\":\"1-1\",\"slider_width_medium\":\"1-4\",\"title_align\":\"top\",\"title_element\":\"h3\",\"title_grid_breakpoint\":\"m\",\"title_grid_width\":\"1-2\",\"title_hover_style\":\"reset\"},\"children\":[{\"type\":\"panel-slider_item\",\"props\":{\"image\":\"wp-content\\\/uploads\\\/2022\\\/09\\\/nidec-motor-corporation-logo.png\",\"link\":\"index.php\\\/nuestras-marcas\\\/nidec\\\/\"}},{\"type\":\"panel-slider_item\",\"props\":{\"image\":\"wp-content\\\/uploads\\\/2022\\\/09\\\/US-MOTORS-LOGO-GRANDE.png\",\"link\":\"index.php\\\/nuestras-marcas\\\/us-motors\\\/\"}},{\"type\":\"panel-slider_item\",\"props\":{\"image\":\"wp-content\\\/uploads\\\/2022\\\/07\\\/Leroy-Somer-Logo.jpg\",\"link\":\"index.php\\\/nuestras-marcas\\\/leroy-sommer\\\/\"}},{\"type\":\"panel-slider_item\",\"props\":{\"image\":\"wp-content\\\/uploads\\\/2022\\\/09\\\/Siemens-logo.png\",\"link\":\"index.php\\\/nuestras-marcas\\\/siemens\\\/\"}},{\"type\":\"panel-slider_item\",\"props\":{\"image\":\"wp-content\\\/uploads\\\/2022\\\/09\\\/federal-signal-logo.png\",\"link\":\"index.php\\\/nuestras-marcas\\\/federal-signal\\\/\"}},{\"type\":\"panel-slider_item\",\"props\":{\"image\":\"wp-content\\\/uploads\\\/2022\\\/09\\\/cooper-bussmann-logo.png\",\"link\":\"index.php\\\/nuestras-marcas\\\/cooper-bussmann\\\/\"}},{\"type\":\"panel-slider_item\",\"props\":{\"image\":\"wp-content\\\/uploads\\\/2023\\\/02\\\/NuFlo-logo-V2.jpg\",\"link\":\"index.php\\\/nuestras-marcas\\\/nuflo\\\/\"}},{\"type\":\"panel-slider_item\",\"props\":{\"image\":\"wp-content\\\/uploads\\\/2022\\\/12\\\/MOXA-logo.png\",\"link\":\"index.php\\\/nuestras-marcas\\\/moxa\\\/\"}},{\"type\":\"panel-slider_item\",\"props\":{\"image\":\"wp-content\\\/uploads\\\/2022\\\/12\\\/Prosoft-logo.png\",\"link\":\"index.php\\\/nuestras-marcas\\\/prosoft\\\/\"}}],\"name\":\"Slider Marcas V3\"}]}],\"props\":{\"margin\":\"medium\"}},{\"type\":\"row\",\"children\":[{\"type\":\"column\",\"props\":{\"image_position\":\"center-center\",\"media_overlay_gradient\":\"\",\"position_sticky_breakpoint\":\"m\"},\"children\":[{\"type\":\"headline\",\"props\":{\"animation\":\"none\",\"content\":\"NUESTROS SERVICIOS\",\"text_align\":\"center\",\"title_color\":\"primary\",\"title_element\":\"h2\"}},{\"type\":\"grid\",\"props\":{\"animation\":\"none\",\"content_column_breakpoint\":\"m\",\"content_margin\":\"small\",\"filter_align\":\"left\",\"filter_all\":true,\"filter_grid_breakpoint\":\"m\",\"filter_grid_width\":\"auto\",\"filter_position\":\"top\",\"filter_style\":\"tab\",\"grid_column_align\":false,\"grid_column_gap\":\"large\",\"grid_default\":\"1\",\"grid_medium\":\"\",\"grid_row_align\":false,\"grid_row_gap\":\"large\",\"grid_small\":\"2\",\"icon_width\":80,\"image_align\":\"left\",\"image_border\":\"rounded\",\"image_grid_breakpoint\":\"m\",\"image_grid_width\":\"auto\",\"image_height\":\"85\",\"image_svg_animate\":false,\"image_svg_color\":\"emphasis\",\"image_svg_inline\":true,\"image_vertical_align\":true,\"image_width\":\"85\",\"item_animation\":true,\"link_style\":\"default\",\"link_text\":\"Read more\",\"margin\":\"xlarge\",\"margin_remove_bottom\":false,\"margin_remove_top\":true,\"meta_align\":\"below-title\",\"meta_element\":\"div\",\"meta_style\":\"text-meta\",\"parallax_easing\":\"1\",\"position\":\"relative\",\"position_z_index\":\"1\",\"show_content\":true,\"show_image\":true,\"show_link\":true,\"show_meta\":true,\"show_title\":true,\"text_align\":\"left\",\"text_align_breakpoint\":\"m\",\"text_align_fallback\":\"center\",\"title_align\":\"top\",\"title_color\":\"primary\",\"title_element\":\"h3\",\"title_grid_breakpoint\":\"m\",\"title_grid_width\":\"1-2\",\"title_hover_style\":\"reset\",\"title_style\":\"h3\"},\"children\":[{\"type\":\"grid_item\",\"props\":{\"content\":\"\n\n<p><span>De acuerdo con la necesidad y complejidad del proyecto apoyamos al cliente en una adecuada selecci\\u00f3n del equipo a utilizar.<\\\/span><\\\/p>\",\"image\":\"wp-content\\\/uploads\\\/2023\\\/02\\\/Seleccion-y-Asesoria-Luxie.png\",\"title\":\"Selecci\\u00f3n y Asesor\\u00eda\"}},{\"type\":\"grid_item\",\"props\":{\"content\":\"\n\n<p><span>Arrancamos el equipo seleccionado bajo las instrucciones del fabricante para garantizar la operaci\\u00f3n satisfactoria.<\\\/span><\\\/p>\",\"image\":\"wp-content\\\/uploads\\\/2023\\\/02\\\/Puesta-en-Marcha-Luxie.png\",\"title\":\"Puesta en Marcha\"}},{\"type\":\"grid_item\",\"props\":{\"content\":\"\n\n<p><span>Entregamos la documentaci\\u00f3n para la instalaci\\u00f3n correcta, supervisamos en campo y si lo solicita instalamos el equipo recomendado<\\\/span><\\\/p>\",\"image\":\"wp-content\\\/uploads\\\/2023\\\/02\\\/Instalacion-Luxie.png\",\"title\":\"Instalaci\\u00f3n y Revisi\\u00f3n\"}},{\"type\":\"grid_item\",\"props\":{\"content\":\"\n\n<p><span>La calidad de nuestros equipos nos permite ofrecer garant\\u00eda extendida.<\\\/span><\\\/p>\",\"image\":\"wp-content\\\/uploads\\\/2023\\\/02\\\/Garantia-Luxie-1.png\",\"title\":\"Garant\\u00eda Extendida\"}}]}]}],\"props\":{\"margin\":\"large\",\"margin_remove_bottom\":false}}],\"name\":\"Benefits\"},{\"type\":\"section\",\"props\":{\"image_position\":\"center-center\",\"style\":\"default\",\"title_breakpoint\":\"xl\",\"title_position\":\"top-left\",\"title_rotation\":\"left\",\"vertical_align\":\"middle\",\"width\":\"xlarge\"},\"children\":[{\"type\":\"row\",\"children\":[{\"type\":\"column\",\"props\":{\"image_position\":\"center-center\",\"media_overlay_gradient\":\"\",\"position_sticky_breakpoint\":\"m\"},\"children\":[{\"type\":\"headline\",\"props\":{\"content\":\"NUESTROS CLIENTES\",\"text_align\":\"center\",\"title_color\":\"primary\",\"title_element\":\"h1\",\"title_style\":\"h2\"}},{\"type\":\"headline\",\"props\":{\"content\":\"Clientes que han depositado su confianza en nosotros\",\"text_align\":\"center\",\"title_element\":\"h1\"}},{\"type\":\"panel-slider\",\"props\":{\"content_column_breakpoint\":\"m\",\"css\":\".el-item {\\n    display: flex;\\n    align-items: center;\\n}\",\"icon_width\":80,\"image_align\":\"top\",\"image_grid_breakpoint\":\"m\",\"image_grid_width\":\"1-2\",\"image_height\":\"160\",\"image_svg_color\":\"emphasis\",\"link_style\":\"default\",\"link_text\":\"Read more\",\"margin\":\"default\",\"meta_align\":\"below-title\",\"meta_element\":\"div\",\"meta_style\":\"text-meta\",\"nav\":\"\",\"nav_align\":\"center\",\"nav_breakpoint\":\"s\",\"panel_card_match\":true,\"panel_link\":false,\"panel_padding\":\"\",\"show_content\":true,\"show_image\":true,\"show_link\":true,\"show_meta\":true,\"show_title\":false,\"slidenav\":\"\",\"slidenav_breakpoint\":\"xl\",\"slidenav_hover\":true,\"slidenav_margin\":\"medium\",\"slidenav_outside_breakpoint\":\"xl\",\"slider_autoplay\":true,\"slider_autoplay_interval\":\"3\",\"slider_autoplay_pause\":true,\"slider_center\":false,\"slider_divider\":false,\"slider_finite\":false,\"slider_gap\":\"default\",\"slider_width\":\"fixed\",\"slider_width_default\":\"1-1\",\"slider_width_medium\":\"1-4\",\"text_align\":\"center\",\"title_align\":\"top\",\"title_element\":\"h3\",\"title_grid_breakpoint\":\"m\",\"title_grid_width\":\"1-2\",\"title_hover_style\":\"reset\",\"title_style\":\"h5\"},\"children\":[{\"type\":\"panel-slider_item\",\"props\":{\"image\":\"wp-content\\\/uploads\\\/2022\\\/09\\\/Petroecuador.png\",\"title\":\"EP - PETROECUADOR - MONTEVERDE\"}},{\"type\":\"panel-slider_item\",\"props\":{\"image\":\"wp-content\\\/uploads\\\/2022\\\/09\\\/ep-emapa-logo.jpg\",\"title\":\"EMPRESA MUNICIPAL DE AGUA POTABLE Y ALCANTIRALLADO DE AMBATO - EP-EMAPA\"}},{\"type\":\"panel-slider_item\",\"props\":{\"image\":\"wp-content\\\/uploads\\\/2023\\\/01\\\/AnyConv.com__LOGO-CPP.jpg\",\"title\":\"CPP\"}},{\"type\":\"panel-slider_item\",\"props\":{\"image\":\"wp-content\\\/uploads\\\/2023\\\/02\\\/logo-micabal.png\",\"title\":\"ELECTROINDUSTRIAL MICABAL\"}},{\"type\":\"panel-slider_item\",\"props\":{\"image\":\"wp-content\\\/uploads\\\/2022\\\/12\\\/cartopel_logo_ns.png\",\"title\":\"CARTOPEL\"}},{\"type\":\"panel-slider_item\",\"props\":{\"image\":\"wp-content\\\/uploads\\\/2022\\\/12\\\/logo-sedemi.png\",\"title\":\"SEDEMI\"}},{\"type\":\"panel-slider_item\",\"props\":{\"image\":\"wp-content\\\/uploads\\\/2022\\\/12\\\/proteco_coasin.svg\",\"title\":\"PROTECO COASIN\"}},{\"type\":\"panel-slider_item\",\"props\":{\"image\":\"wp-content\\\/uploads\\\/2022\\\/12\\\/ucem_logo.jpg\",\"title\":\"UNION CEMENTERA NACIONAL\"}},{\"type\":\"panel-slider_item\",\"props\":{\"image\":\"wp-content\\\/uploads\\\/2022\\\/12\\\/novacero_Logo.png\",\"title\":\"NOVACERO\"}},{\"type\":\"panel-slider_item\",\"props\":{\"image\":\"wp-content\\\/uploads\\\/2022\\\/09\\\/veltek-logo.png\",\"title\":\"VELTEK\"}}]}]}]}],\"name\":\"Clientes\"},{\"type\":\"section\",\"props\":{\"image_position\":\"center-center\",\"style\":\"default\",\"title_breakpoint\":\"xl\",\"title_position\":\"top-left\",\"title_rotation\":\"left\",\"vertical_align\":\"middle\",\"width\":\"xlarge\"},\"children\":[{\"type\":\"row\",\"children\":[{\"type\":\"column\",\"props\":{\"image_position\":\"center-center\",\"media_overlay_gradient\":\"\",\"position_sticky_breakpoint\":\"m\",\"vertical_align\":\"middle\",\"width_medium\":\"1-2\"},\"children\":[{\"type\":\"headline\",\"props\":{\"content\":\"\\u00bfNecesitas informaci\\u00f3n t\\u00e9cnica?\",\"text_align\":\"right\",\"text_align_breakpoint\":\"m\",\"text_align_fallback\":\"center\",\"title_element\":\"h1\",\"title_style\":\"h2\"}}]},{\"type\":\"column\",\"props\":{\"image_position\":\"center-center\",\"media_overlay_gradient\":\"\",\"position_sticky_breakpoint\":\"m\",\"width_medium\":\"1-2\"},\"children\":[{\"type\":\"button\",\"props\":{\"button_size\":\"large\",\"grid_column_gap\":\"small\",\"grid_row_gap\":\"small\",\"margin\":\"default\",\"text_align\":\"left\",\"text_align_breakpoint\":\"m\",\"text_align_fallback\":\"center\"},\"children\":[{\"type\":\"button_item\",\"props\":{\"button_style\":\"primary\",\"content\":\"CONT\\u00c1CTANOS\",\"icon_align\":\"left\",\"link\":\"index.php\\\/contacto\\\/\",\"link_title\":\"\"}}]}]}],\"props\":{\"layout\":\"1-2,1-2\"}}],\"name\":\"Call to action\"}],\"version\":\"3.0.25\"} --><\/p>\n","protected":false},"excerpt":{"rendered":"<p>NUESTROS PRODUCTOS LUXIE es representante autorizado para Ecuador de los fabricantes m\u00e1s grandes\u00a0del\u00a0mundo\u00a0en: Motores el\u00e9ctricos de todo tipo para el sector industrial y de oil &amp; gas, bajo normas NEMA e IEC. Instrumentaci\u00f3n de procesos. Alternadores. Fusibles de baja y media tensi\u00f3n. Sistema de alerta y se\u00f1alizaci\u00f3n. Infraestructura Industrial de Redes. Gateways y conversores. VER [&hellip;]<\/p>\n","protected":false},"author":1,"featured_media":0,"parent":0,"menu_order":0,"comment_status":"closed","ping_status":"closed","template":"","meta":{"footnotes":""},"class_list":["post-2","page","type-page","status-publish","hentry"],"yoast_head":"<!-- This site is optimized with the Yoast SEO plugin v27.5 - https:\/\/yoast.com\/product\/yoast-seo-wordpress\/ -->\n<title>PRODUCTOS Y SERVICIOS - Luxie Group<\/title>\n<meta name=\"robots\" content=\"index, follow, max-snippet:-1, max-image-preview:large, max-video-preview:-1\" \/>\n<link rel=\"canonical\" href=\"https:\/\/luxiegroup.com.ec\/index.php\/inicio\/\" \/>\n<meta property=\"og:locale\" content=\"es_ES\" \/>\n<meta property=\"og:type\" content=\"article\" \/>\n<meta property=\"og:title\" content=\"PRODUCTOS Y SERVICIOS - Luxie Group\" \/>\n<meta property=\"og:description\" content=\"NUESTROS PRODUCTOS LUXIE es representante autorizado para Ecuador de los fabricantes m\u00e1s grandes\u00a0del\u00a0mundo\u00a0en: Motores el\u00e9ctricos de todo tipo para el sector industrial y de oil &amp; gas, bajo normas NEMA e IEC. Instrumentaci\u00f3n de procesos. Alternadores. Fusibles de baja y media tensi\u00f3n. Sistema de alerta y se\u00f1alizaci\u00f3n. Infraestructura Industrial de Redes. Gateways y conversores. VER [&hellip;]\" \/>\n<meta property=\"og:url\" content=\"https:\/\/luxiegroup.com.ec\/index.php\/inicio\/\" \/>\n<meta property=\"og:site_name\" content=\"Luxie Group\" \/>\n<meta property=\"article:modified_time\" content=\"2023-03-15T14:49:28+00:00\" \/>\n<meta name=\"twitter:card\" content=\"summary_large_image\" \/>\n<meta name=\"twitter:label1\" content=\"Tiempo de lectura\" \/>\n\t<meta name=\"twitter:data1\" content=\"11 minutos\" \/>\n<script type=\"application\/ld+json\" class=\"yoast-schema-graph\">{\"@context\":\"https:\\\/\\\/schema.org\",\"@graph\":[{\"@type\":\"WebPage\",\"@id\":\"https:\\\/\\\/luxiegroup.com.ec\\\/index.php\\\/inicio\\\/\",\"url\":\"https:\\\/\\\/luxiegroup.com.ec\\\/index.php\\\/inicio\\\/\",\"name\":\"PRODUCTOS Y SERVICIOS - Luxie Group\",\"isPartOf\":{\"@id\":\"https:\\\/\\\/luxiegroup.com.ec\\\/#website\"},\"datePublished\":\"2022-04-21T21:01:35+00:00\",\"dateModified\":\"2023-03-15T14:49:28+00:00\",\"breadcrumb\":{\"@id\":\"https:\\\/\\\/luxiegroup.com.ec\\\/index.php\\\/inicio\\\/#breadcrumb\"},\"inLanguage\":\"es\",\"potentialAction\":[{\"@type\":\"ReadAction\",\"target\":[\"https:\\\/\\\/luxiegroup.com.ec\\\/index.php\\\/inicio\\\/\"]}]},{\"@type\":\"BreadcrumbList\",\"@id\":\"https:\\\/\\\/luxiegroup.com.ec\\\/index.php\\\/inicio\\\/#breadcrumb\",\"itemListElement\":[{\"@type\":\"ListItem\",\"position\":1,\"name\":\"Home\",\"item\":\"https:\\\/\\\/luxiegroup.com.ec\\\/\"},{\"@type\":\"ListItem\",\"position\":2,\"name\":\"PRODUCTOS Y SERVICIOS\"}]},{\"@type\":\"WebSite\",\"@id\":\"https:\\\/\\\/luxiegroup.com.ec\\\/#website\",\"url\":\"https:\\\/\\\/luxiegroup.com.ec\\\/\",\"name\":\"Luxie Group\",\"description\":\"Equipo El\u00e9ctrico Industrial\",\"potentialAction\":[{\"@type\":\"SearchAction\",\"target\":{\"@type\":\"EntryPoint\",\"urlTemplate\":\"https:\\\/\\\/luxiegroup.com.ec\\\/?s={search_term_string}\"},\"query-input\":{\"@type\":\"PropertyValueSpecification\",\"valueRequired\":true,\"valueName\":\"search_term_string\"}}],\"inLanguage\":\"es\"}]}<\/script>\n<!-- \/ Yoast SEO plugin. -->","yoast_head_json":{"title":"PRODUCTOS Y SERVICIOS - Luxie Group","robots":{"index":"index","follow":"follow","max-snippet":"max-snippet:-1","max-image-preview":"max-image-preview:large","max-video-preview":"max-video-preview:-1"},"canonical":"https:\/\/luxiegroup.com.ec\/index.php\/inicio\/","og_locale":"es_ES","og_type":"article","og_title":"PRODUCTOS Y SERVICIOS - Luxie Group","og_description":"NUESTROS PRODUCTOS LUXIE es representante autorizado para Ecuador de los fabricantes m\u00e1s grandes\u00a0del\u00a0mundo\u00a0en: Motores el\u00e9ctricos de todo tipo para el sector industrial y de oil &amp; gas, bajo normas NEMA e IEC. Instrumentaci\u00f3n de procesos. Alternadores. Fusibles de baja y media tensi\u00f3n. Sistema de alerta y se\u00f1alizaci\u00f3n. Infraestructura Industrial de Redes. Gateways y conversores. VER [&hellip;]","og_url":"https:\/\/luxiegroup.com.ec\/index.php\/inicio\/","og_site_name":"Luxie Group","article_modified_time":"2023-03-15T14:49:28+00:00","twitter_card":"summary_large_image","twitter_misc":{"Tiempo de lectura":"11 minutos"},"schema":{"@context":"https:\/\/schema.org","@graph":[{"@type":"WebPage","@id":"https:\/\/luxiegroup.com.ec\/index.php\/inicio\/","url":"https:\/\/luxiegroup.com.ec\/index.php\/inicio\/","name":"PRODUCTOS Y SERVICIOS - Luxie Group","isPartOf":{"@id":"https:\/\/luxiegroup.com.ec\/#website"},"datePublished":"2022-04-21T21:01:35+00:00","dateModified":"2023-03-15T14:49:28+00:00","breadcrumb":{"@id":"https:\/\/luxiegroup.com.ec\/index.php\/inicio\/#breadcrumb"},"inLanguage":"es","potentialAction":[{"@type":"ReadAction","target":["https:\/\/luxiegroup.com.ec\/index.php\/inicio\/"]}]},{"@type":"BreadcrumbList","@id":"https:\/\/luxiegroup.com.ec\/index.php\/inicio\/#breadcrumb","itemListElement":[{"@type":"ListItem","position":1,"name":"Home","item":"https:\/\/luxiegroup.com.ec\/"},{"@type":"ListItem","position":2,"name":"PRODUCTOS Y SERVICIOS"}]},{"@type":"WebSite","@id":"https:\/\/luxiegroup.com.ec\/#website","url":"https:\/\/luxiegroup.com.ec\/","name":"Luxie Group","description":"Equipo El\u00e9ctrico Industrial","potentialAction":[{"@type":"SearchAction","target":{"@type":"EntryPoint","urlTemplate":"https:\/\/luxiegroup.com.ec\/?s={search_term_string}"},"query-input":{"@type":"PropertyValueSpecification","valueRequired":true,"valueName":"search_term_string"}}],"inLanguage":"es"}]}},"_links":{"self":[{"href":"https:\/\/luxiegroup.com.ec\/index.php\/wp-json\/wp\/v2\/pages\/2","targetHints":{"allow":["GET"]}}],"collection":[{"href":"https:\/\/luxiegroup.com.ec\/index.php\/wp-json\/wp\/v2\/pages"}],"about":[{"href":"https:\/\/luxiegroup.com.ec\/index.php\/wp-json\/wp\/v2\/types\/page"}],"author":[{"embeddable":true,"href":"https:\/\/luxiegroup.com.ec\/index.php\/wp-json\/wp\/v2\/users\/1"}],"replies":[{"embeddable":true,"href":"https:\/\/luxiegroup.com.ec\/index.php\/wp-json\/wp\/v2\/comments?post=2"}],"version-history":[{"count":122,"href":"https:\/\/luxiegroup.com.ec\/index.php\/wp-json\/wp\/v2\/pages\/2\/revisions"}],"predecessor-version":[{"id":631,"href":"https:\/\/luxiegroup.com.ec\/index.php\/wp-json\/wp\/v2\/pages\/2\/revisions\/631"}],"wp:attachment":[{"href":"https:\/\/luxiegroup.com.ec\/index.php\/wp-json\/wp\/v2\/media?parent=2"}],"curies":[{"name":"wp","href":"https:\/\/api.w.org\/{rel}","templated":true}]}}