{"id":252,"date":"2022-10-25T19:17:10","date_gmt":"2022-10-25T19:17:10","guid":{"rendered":"https:\/\/luxiegroup.com.ec\/?page_id=252"},"modified":"2023-02-28T21:52:12","modified_gmt":"2023-03-01T02:52:12","slug":"siemens","status":"publish","type":"page","link":"https:\/\/luxiegroup.com.ec\/index.php\/nuestras-marcas\/siemens\/","title":{"rendered":"Siemens"},"content":{"rendered":"<div>\n<p>        <img decoding=\"async\" src=\"\/wp-content\/uploads\/2022\/09\/Siemens-logo.png\" alt=\"\"><\/p>\n<div>\n<p>Fundada en 1847, su \u00e9xito a nivel mundial radica en su esp\u00edritu pionero, genuino y compromiso global. Fabricante de muchas l\u00edneas de productos, de las cuales nuestra empresa promueve: Instrumentos, motores y equipos de protecci\u00f3n y accionamiento. Nuestros productos se encuentran instalados en los procesos de producci\u00f3n de las principales industrias. Los m\u00e1s destacados equipos son:<\/p>\n<p>Medidores de presi\u00f3n, temperatura, nivel, etc., para todo tipo de fluidos en ambientes altamente corrosivos, \u00e1reas peligrosas y sistemas cr\u00edticos de medici\u00f3n o contrastaci\u00f3n.<\/p>\n<\/div>\n<\/div>\n<hr>\n<div>\n<h3>Descargar cat\u00e1logo<\/h3>\n<p><a href=\"https:\/\/mall.industry.siemens.com\/mall\/es\/ec\/Catalog\/Products\/3000174?tree=CatalogTree\">Descargar Cat\u00e1logo<\/a><\/p>\n<\/div>\n<hr>\n<ul>\n<li>\n<p>        <img decoding=\"async\" src=\"\/wp-content\/uploads\/2022\/12\/Transmisor-de-presion.jpg\" alt=\"\"><\/p>\n<h5>Presi\u00f3n<\/h5>\n<p><a href=\"https:\/\/mall.industry.siemens.com\/mall\/es\/ec\/Catalog\/Products\/10069374?tree=CatalogTree\">Ver m\u00e1s<\/a><\/p>\n<\/li>\n<li>\n<p>        <img decoding=\"async\" src=\"\/wp-content\/uploads\/2022\/12\/Transmisores-de-temperatura.jpg\" alt=\"\"><\/p>\n<h5>Temperatura<\/h5>\n<p><a href=\"https:\/\/mall.industry.siemens.com\/mall\/es\/ec\/Catalog\/Products\/3000002?tree=CatalogTree\">Ver m\u00e1s<\/a><\/p>\n<\/li>\n<li>\n<p>        <img decoding=\"async\" src=\"\/wp-content\/uploads\/2022\/12\/Transmisores-Nivel.jpg\" alt=\"\"><\/p>\n<h5>Nivel<\/h5>\n<p><a href=\"https:\/\/mall.industry.siemens.com\/mall\/es\/ec\/Catalog\/Products\/10000080?tree=CatalogTree\">Ver m\u00e1s<\/a><\/p>\n<\/li>\n<li>\n<p>        <img decoding=\"async\" src=\"\/wp-content\/uploads\/2023\/02\/Flujo-Siemens.jpg\" alt=\"\"><\/p>\n<h5>Flujo<\/h5>\n<p><a href=\"https:\/\/mall.industry.siemens.com\/mall\/es\/ec\/Catalog\/Products\/10020499?tree=CatalogTree\">Ver m\u00e1s<\/a><\/p>\n<\/li>\n<li>\n<p>        <img decoding=\"async\" src=\"\/wp-content\/uploads\/2022\/12\/Pesaje-1.jpg\" alt=\"\"><\/p>\n<h5>M\u00f3dulos de Pesaje<\/h5>\n<p><a href=\"https:\/\/mall.industry.siemens.com\/mall\/es\/ec\/Catalog\/Products\/10020547?tree=CatalogTree\">Ver m\u00e1s<\/a><\/p>\n<\/li>\n<li>\n<p>        <img decoding=\"async\" src=\"\/wp-content\/uploads\/2022\/12\/Digitalizacion.jpg\" alt=\"\"><\/p>\n<h5>DIGITALIZACI\u00d3N EN PROCESOS DE INSTRUMENTACI\u00d3N<\/h5>\n<p><a href=\"https:\/\/mall.industry.siemens.com\/mall\/es\/ec\/Catalog\/Products\/10024860?tree=CatalogTree\">Ver m\u00e1s<\/a><\/p>\n<\/li>\n<li>\n<p>        <img decoding=\"async\" src=\"\/wp-content\/uploads\/2022\/12\/Comunicacion-industrial.jpg\" alt=\"\"><\/p>\n<h5>COMUNICACI\u00d3N INDUSTRIAL<\/h5>\n<p><a href=\"https:\/\/mall.industry.siemens.com\/mall\/es\/ec\/Catalog\/Products\/10048376?tree=CatalogTree\">Ver m\u00e1s<\/a><\/p>\n<\/li>\n<\/ul>\n<h1>NUESTRAS MARCAS<\/h1>\n<ul>\n<li>\n<p>        <img decoding=\"async\" src=\"\/wp-content\/uploads\/2022\/09\/nidec-motor-corporation-logo.png\" alt=\"\"><\/p>\n<p><a href=\"\/index.php\/nuestras-marcas\/nidec\/\"><\/a><\/p>\n<\/li>\n<li>\n<p>        <img decoding=\"async\" src=\"\/wp-content\/uploads\/2022\/09\/US-MOTORS-LOGO-GRANDE.png\" alt=\"\"><\/p>\n<p><a href=\"\/index.php\/nuestras-marcas\/us-motors\/\"><\/a><\/p>\n<\/li>\n<li>\n<p>        <img decoding=\"async\" src=\"\/wp-content\/uploads\/2022\/07\/Leroy-Somer-Logo.jpg\" alt=\"\"><\/p>\n<p><a href=\"\/index.php\/nuestras-marcas\/leroy-sommer\/\"><\/a><\/p>\n<\/li>\n<li>\n<p>        <img decoding=\"async\" src=\"\/wp-content\/uploads\/2022\/09\/Siemens-logo.png\" alt=\"\"><\/p>\n<p><a href=\"\/index.php\/nuestras-marcas\/siemens\/\"><\/a><\/p>\n<\/li>\n<li>\n<p>        <img decoding=\"async\" src=\"\/wp-content\/uploads\/2022\/09\/federal-signal-logo.png\" alt=\"\"><\/p>\n<p><a href=\"\/index.php\/nuestras-marcas\/federal-signal\/\"><\/a><\/p>\n<\/li>\n<li>\n<p>        <img decoding=\"async\" src=\"\/wp-content\/uploads\/2022\/09\/cooper-bussmann-logo.png\" alt=\"\"><\/p>\n<p><a href=\"\/index.php\/nuestras-marcas\/cooper-bussmann\/\"><\/a><\/p>\n<\/li>\n<li>\n<p>        <img decoding=\"async\" src=\"\/wp-content\/uploads\/2023\/02\/NuFlo-logo-V2.jpg\" alt=\"\"><\/p>\n<p><a href=\"\/index.php\/nuestras-marcas\/nuflo\/\"><\/a><\/p>\n<\/li>\n<li>\n<p>        <img decoding=\"async\" src=\"\/wp-content\/uploads\/2022\/12\/MOXA-logo.png\" alt=\"\"><\/p>\n<p><a href=\"\/index.php\/nuestras-marcas\/moxa\/\"><\/a><\/p>\n<\/li>\n<li>\n<p>        <img decoding=\"async\" src=\"\/wp-content\/uploads\/2022\/12\/Prosoft-logo.png\" alt=\"\"><\/p>\n<p><a href=\"\/index.php\/nuestras-marcas\/prosoft\/\"><\/a><\/p>\n<\/li>\n<\/ul>\n<p><!--more--><br \/>\n<!-- {\"name\":\"Marcas\",\"type\":\"layout\",\"children\":[{\"type\":\"section\",\"props\":{\"image_position\":\"center-center\",\"style\":\"default\",\"title_breakpoint\":\"xl\",\"title_position\":\"top-left\",\"title_rotation\":\"left\",\"vertical_align\":\"middle\",\"width\":\"default\"},\"children\":[{\"type\":\"row\",\"children\":[{\"type\":\"column\",\"props\":{\"image_position\":\"center-center\",\"media_overlay_gradient\":\"\",\"position_sticky_breakpoint\":\"m\"},\"children\":[{\"type\":\"panel\",\"props\":{\"content\":\"\n\n<p>Fundada en 1847, su \\u00e9xito a nivel mundial radica en su esp\\u00edritu pionero, genuino y compromiso global. Fabricante de muchas l\\u00edneas de productos, de las cuales nuestra empresa promueve: Instrumentos, motores y equipos de protecci\\u00f3n y accionamiento. Nuestros productos se encuentran instalados en los procesos de producci\\u00f3n de las principales industrias. Los m\\u00e1s destacados equipos son:<\\\/p>\\n\n\n<p>Medidores de presi\\u00f3n, temperatura, nivel, etc., para todo tipo de fluidos en ambientes altamente corrosivos, \\u00e1reas peligrosas y sistemas cr\\u00edticos de medici\\u00f3n o contrastaci\\u00f3n.<\\\/p>\",\"content_column_breakpoint\":\"m\",\"icon_width\":80,\"image\":\"wp-content\\\/uploads\\\/2022\\\/09\\\/Siemens-logo.png\",\"image_align\":\"left\",\"image_grid_breakpoint\":\"m\",\"image_grid_width\":\"1-2\",\"image_svg_color\":\"emphasis\",\"image_vertical_align\":true,\"link_style\":\"default\",\"link_text\":\"Read more\",\"margin\":\"default\",\"meta\":\"\",\"meta_align\":\"below-title\",\"meta_element\":\"div\",\"meta_style\":\"text-meta\",\"title\":\"\",\"title_align\":\"top\",\"title_element\":\"h3\",\"title_grid_breakpoint\":\"m\",\"title_grid_width\":\"1-2\",\"title_hover_style\":\"reset\"}}]}]},{\"type\":\"row\",\"children\":[{\"type\":\"column\",\"props\":{\"image_position\":\"center-center\",\"media_overlay_gradient\":\"\",\"position_sticky_breakpoint\":\"m\"},\"children\":[{\"type\":\"divider\",\"props\":{\"divider_element\":\"hr\",\"divider_style\":\"\"}}]}]},{\"type\":\"row\",\"children\":[{\"type\":\"column\",\"props\":{\"image_position\":\"center-center\",\"media_overlay_gradient\":\"\",\"position_sticky_breakpoint\":\"m\",\"width_medium\":\"\"},\"children\":[{\"type\":\"grid\",\"props\":{\"content_column_breakpoint\":\"m\",\"css\":\".uk-button-text {\\n    font-size: 20px;\\n    line-height: 1.4;\\n}\",\"filter_align\":\"left\",\"filter_all\":true,\"filter_grid_breakpoint\":\"m\",\"filter_grid_width\":\"auto\",\"filter_position\":\"top\",\"filter_style\":\"tab\",\"grid_default\":\"1\",\"grid_medium\":\"\",\"icon_width\":80,\"image_align\":\"left\",\"image_grid_breakpoint\":\"m\",\"image_grid_width\":\"1-2\",\"image_svg_color\":\"emphasis\",\"image_vertical_align\":true,\"item_animation\":true,\"item_maxwidth\":\"medium\",\"link_fullwidth\":true,\"link_size\":\"large\",\"link_style\":\"text\",\"link_target\":true,\"link_text\":\"Read more\",\"margin\":\"default\",\"meta_align\":\"below-title\",\"meta_element\":\"div\",\"meta_style\":\"text-meta\",\"panel_padding\":\"\",\"parallax_easing\":\"1\",\"show_content\":true,\"show_image\":true,\"show_link\":true,\"show_meta\":true,\"show_title\":false,\"text_align\":\"left\",\"text_align_breakpoint\":\"s\",\"text_align_fallback\":\"center\",\"title_align\":\"top\",\"title_element\":\"h3\",\"title_grid_breakpoint\":\"m\",\"title_grid_width\":\"1-2\",\"title_hover_style\":\"reset\"},\"children\":[{\"type\":\"grid_item\",\"props\":{\"icon\":\"file-pdf\",\"link\":\"https:\\\/\\\/mall.industry.siemens.com\\\/mall\\\/es\\\/ec\\\/Catalog\\\/Products\\\/3000174?tree=CatalogTree\",\"link_text\":\"Descargar Cat\\u00e1logo\",\"title\":\"Descargar cat\\u00e1logo\"}}]}]}]},{\"type\":\"row\",\"children\":[{\"type\":\"column\",\"props\":{\"image_position\":\"center-center\",\"media_overlay_gradient\":\"\",\"position_sticky_breakpoint\":\"m\"},\"children\":[{\"type\":\"divider\",\"props\":{\"divider_element\":\"hr\"}}]}]}]},{\"type\":\"section\",\"props\":{\"image_position\":\"center-center\",\"style\":\"default\",\"title_breakpoint\":\"xl\",\"title_position\":\"top-left\",\"title_rotation\":\"left\",\"vertical_align\":\"middle\",\"width\":\"default\"},\"children\":[{\"type\":\"row\",\"children\":[{\"type\":\"column\",\"props\":{\"image_position\":\"center-center\",\"media_overlay_gradient\":\"\",\"position_sticky_breakpoint\":\"m\"},\"children\":[{\"type\":\"grid\",\"props\":{\"content_column_breakpoint\":\"m\",\"filter_align\":\"left\",\"filter_all\":true,\"filter_grid_breakpoint\":\"m\",\"filter_grid_width\":\"auto\",\"filter_position\":\"top\",\"filter_style\":\"tab\",\"grid_default\":\"1\",\"grid_medium\":\"3\",\"icon_width\":80,\"image_align\":\"top\",\"image_grid_breakpoint\":\"m\",\"image_grid_width\":\"1-2\",\"image_height\":\"150\",\"image_svg_color\":\"emphasis\",\"item_animation\":true,\"link_style\":\"primary\",\"link_target\":true,\"link_text\":\"Ver m\\u00e1s\",\"margin\":\"default\",\"meta_align\":\"below-title\",\"meta_element\":\"div\",\"meta_style\":\"text-meta\",\"parallax_easing\":\"1\",\"show_content\":true,\"show_image\":true,\"show_link\":true,\"show_meta\":true,\"show_title\":true,\"text_align\":\"center\",\"title_align\":\"top\",\"title_color\":\"primary\",\"title_element\":\"h5\",\"title_grid_breakpoint\":\"m\",\"title_grid_width\":\"1-2\",\"title_hover_style\":\"reset\"},\"children\":[{\"type\":\"grid_item\",\"props\":{\"content\":\"\",\"image\":\"wp-content\\\/uploads\\\/2022\\\/12\\\/Transmisor-de-presion.jpg\",\"link\":\"https:\\\/\\\/mall.industry.siemens.com\\\/mall\\\/es\\\/ec\\\/Catalog\\\/Products\\\/10069374?tree=CatalogTree\",\"title\":\"Presi\\u00f3n\"}},{\"type\":\"grid_item\",\"props\":{\"content\":\"\",\"image\":\"wp-content\\\/uploads\\\/2022\\\/12\\\/Transmisores-de-temperatura.jpg\",\"link\":\"https:\\\/\\\/mall.industry.siemens.com\\\/mall\\\/es\\\/ec\\\/Catalog\\\/Products\\\/3000002?tree=CatalogTree\",\"title\":\"Temperatura\"}},{\"type\":\"grid_item\",\"props\":{\"content\":\"\",\"image\":\"wp-content\\\/uploads\\\/2022\\\/12\\\/Transmisores-Nivel.jpg\",\"link\":\"https:\\\/\\\/mall.industry.siemens.com\\\/mall\\\/es\\\/ec\\\/Catalog\\\/Products\\\/10000080?tree=CatalogTree\",\"title\":\"Nivel\"}},{\"type\":\"grid_item\",\"props\":{\"content\":\"\",\"image\":\"wp-content\\\/uploads\\\/2023\\\/02\\\/Flujo-Siemens.jpg\",\"link\":\"https:\\\/\\\/mall.industry.siemens.com\\\/mall\\\/es\\\/ec\\\/Catalog\\\/Products\\\/10020499?tree=CatalogTree\",\"title\":\"Flujo\"}},{\"type\":\"grid_item\",\"props\":{\"content\":\"\",\"image\":\"wp-content\\\/uploads\\\/2022\\\/12\\\/Pesaje-1.jpg\",\"link\":\"https:\\\/\\\/mall.industry.siemens.com\\\/mall\\\/es\\\/ec\\\/Catalog\\\/Products\\\/10020547?tree=CatalogTree\",\"title\":\"M\\u00f3dulos de Pesaje\"}},{\"type\":\"grid_item\",\"props\":{\"content\":\"\",\"image\":\"wp-content\\\/uploads\\\/2022\\\/12\\\/Digitalizacion.jpg\",\"link\":\"https:\\\/\\\/mall.industry.siemens.com\\\/mall\\\/es\\\/ec\\\/Catalog\\\/Products\\\/10024860?tree=CatalogTree\",\"title\":\"DIGITALIZACI\\u00d3N EN PROCESOS DE INSTRUMENTACI\\u00d3N\"}},{\"type\":\"grid_item\",\"props\":{\"content\":\"\",\"image\":\"wp-content\\\/uploads\\\/2022\\\/12\\\/Comunicacion-industrial.jpg\",\"link\":\"https:\\\/\\\/mall.industry.siemens.com\\\/mall\\\/es\\\/ec\\\/Catalog\\\/Products\\\/10048376?tree=CatalogTree\",\"title\":\"COMUNICACI\\u00d3N INDUSTRIAL\"}}]}]}]}]},{\"type\":\"section\",\"props\":{\"image_position\":\"center-center\",\"style\":\"default\",\"title_breakpoint\":\"xl\",\"title_position\":\"top-left\",\"title_rotation\":\"left\",\"vertical_align\":\"middle\",\"width\":\"default\"},\"children\":[{\"type\":\"row\",\"children\":[{\"type\":\"column\",\"props\":{\"image_position\":\"center-center\",\"media_overlay_gradient\":\"\",\"position_sticky_breakpoint\":\"m\"},\"children\":[{\"type\":\"headline\",\"props\":{\"content\":\"NUESTRAS MARCAS\",\"title_color\":\"primary\",\"title_element\":\"h1\",\"title_style\":\"h5\"}},{\"type\":\"panel-slider\",\"props\":{\"content_column_breakpoint\":\"m\",\"icon_width\":80,\"image_align\":\"top\",\"image_grid_breakpoint\":\"m\",\"image_grid_width\":\"1-2\",\"image_link\":true,\"image_svg_color\":\"emphasis\",\"link_style\":\"default\",\"link_text\":\"\",\"margin\":\"default\",\"meta_align\":\"below-title\",\"meta_element\":\"div\",\"meta_style\":\"text-meta\",\"nav\":\"\",\"nav_align\":\"center\",\"nav_breakpoint\":\"s\",\"panel_card_match\":true,\"show_content\":true,\"show_image\":true,\"show_link\":true,\"show_meta\":true,\"show_title\":true,\"slidenav\":\"\",\"slidenav_breakpoint\":\"xl\",\"slidenav_margin\":\"medium\",\"slidenav_outside_breakpoint\":\"xl\",\"slider_autoplay\":true,\"slider_autoplay_interval\":\"4\",\"slider_autoplay_pause\":true,\"slider_center\":false,\"slider_gap\":\"large\",\"slider_sets\":false,\"slider_width\":\"fixed\",\"slider_width_default\":\"1-1\",\"slider_width_medium\":\"1-4\",\"title_align\":\"top\",\"title_element\":\"h3\",\"title_grid_breakpoint\":\"m\",\"title_grid_width\":\"1-2\",\"title_hover_style\":\"reset\"},\"children\":[{\"type\":\"panel-slider_item\",\"props\":{\"image\":\"wp-content\\\/uploads\\\/2022\\\/09\\\/nidec-motor-corporation-logo.png\",\"link\":\"index.php\\\/nuestras-marcas\\\/nidec\\\/\"}},{\"type\":\"panel-slider_item\",\"props\":{\"image\":\"wp-content\\\/uploads\\\/2022\\\/09\\\/US-MOTORS-LOGO-GRANDE.png\",\"link\":\"index.php\\\/nuestras-marcas\\\/us-motors\\\/\"}},{\"type\":\"panel-slider_item\",\"props\":{\"image\":\"wp-content\\\/uploads\\\/2022\\\/07\\\/Leroy-Somer-Logo.jpg\",\"link\":\"index.php\\\/nuestras-marcas\\\/leroy-sommer\\\/\"}},{\"type\":\"panel-slider_item\",\"props\":{\"image\":\"wp-content\\\/uploads\\\/2022\\\/09\\\/Siemens-logo.png\",\"link\":\"index.php\\\/nuestras-marcas\\\/siemens\\\/\"}},{\"type\":\"panel-slider_item\",\"props\":{\"image\":\"wp-content\\\/uploads\\\/2022\\\/09\\\/federal-signal-logo.png\",\"link\":\"index.php\\\/nuestras-marcas\\\/federal-signal\\\/\"}},{\"type\":\"panel-slider_item\",\"props\":{\"image\":\"wp-content\\\/uploads\\\/2022\\\/09\\\/cooper-bussmann-logo.png\",\"link\":\"index.php\\\/nuestras-marcas\\\/cooper-bussmann\\\/\"}},{\"type\":\"panel-slider_item\",\"props\":{\"image\":\"wp-content\\\/uploads\\\/2023\\\/02\\\/NuFlo-logo-V2.jpg\",\"link\":\"index.php\\\/nuestras-marcas\\\/nuflo\\\/\"}},{\"type\":\"panel-slider_item\",\"props\":{\"image\":\"wp-content\\\/uploads\\\/2022\\\/12\\\/MOXA-logo.png\",\"link\":\"index.php\\\/nuestras-marcas\\\/moxa\\\/\"}},{\"type\":\"panel-slider_item\",\"props\":{\"image\":\"wp-content\\\/uploads\\\/2022\\\/12\\\/Prosoft-logo.png\",\"link\":\"index.php\\\/nuestras-marcas\\\/prosoft\\\/\"}}],\"name\":\"Slider Marcas V3\"}]}]}],\"name\":\"Nuestras Marcas\"}],\"version\":\"3.0.25\"} --><\/p>\n","protected":false},"excerpt":{"rendered":"<p>Fundada en 1847, su \u00e9xito a nivel mundial radica en su esp\u00edritu pionero, genuino y compromiso global. Fabricante de muchas l\u00edneas de productos, de las cuales nuestra empresa promueve: Instrumentos, motores y equipos de protecci\u00f3n y accionamiento. Nuestros productos se encuentran instalados en los procesos de producci\u00f3n de las principales industrias. Los m\u00e1s destacados equipos [&hellip;]<\/p>\n","protected":false},"author":2,"featured_media":0,"parent":48,"menu_order":0,"comment_status":"closed","ping_status":"closed","template":"","meta":{"footnotes":""},"class_list":["post-252","page","type-page","status-publish","hentry"],"yoast_head":"<!-- This site is optimized with the Yoast SEO plugin v27.5 - https:\/\/yoast.com\/product\/yoast-seo-wordpress\/ -->\n<title>Siemens - Luxie Group<\/title>\n<meta name=\"robots\" content=\"index, follow, max-snippet:-1, max-image-preview:large, max-video-preview:-1\" \/>\n<link rel=\"canonical\" href=\"https:\/\/luxiegroup.com.ec\/index.php\/nuestras-marcas\/siemens\/\" \/>\n<meta property=\"og:locale\" content=\"es_ES\" \/>\n<meta property=\"og:type\" content=\"article\" \/>\n<meta property=\"og:title\" content=\"Siemens - Luxie Group\" \/>\n<meta property=\"og:description\" content=\"Fundada en 1847, su \u00e9xito a nivel mundial radica en su esp\u00edritu pionero, genuino y compromiso global. Fabricante de muchas l\u00edneas de productos, de las cuales nuestra empresa promueve: Instrumentos, motores y equipos de protecci\u00f3n y accionamiento. Nuestros productos se encuentran instalados en los procesos de producci\u00f3n de las principales industrias. Los m\u00e1s destacados equipos [&hellip;]\" \/>\n<meta property=\"og:url\" content=\"https:\/\/luxiegroup.com.ec\/index.php\/nuestras-marcas\/siemens\/\" \/>\n<meta property=\"og:site_name\" content=\"Luxie Group\" \/>\n<meta property=\"article:modified_time\" content=\"2023-03-01T02:52:12+00:00\" \/>\n<meta name=\"twitter:card\" content=\"summary_large_image\" \/>\n<script type=\"application\/ld+json\" class=\"yoast-schema-graph\">{\"@context\":\"https:\\\/\\\/schema.org\",\"@graph\":[{\"@type\":\"WebPage\",\"@id\":\"https:\\\/\\\/luxiegroup.com.ec\\\/index.php\\\/nuestras-marcas\\\/siemens\\\/\",\"url\":\"https:\\\/\\\/luxiegroup.com.ec\\\/index.php\\\/nuestras-marcas\\\/siemens\\\/\",\"name\":\"Siemens - Luxie Group\",\"isPartOf\":{\"@id\":\"https:\\\/\\\/luxiegroup.com.ec\\\/#website\"},\"datePublished\":\"2022-10-25T19:17:10+00:00\",\"dateModified\":\"2023-03-01T02:52:12+00:00\",\"breadcrumb\":{\"@id\":\"https:\\\/\\\/luxiegroup.com.ec\\\/index.php\\\/nuestras-marcas\\\/siemens\\\/#breadcrumb\"},\"inLanguage\":\"es\",\"potentialAction\":[{\"@type\":\"ReadAction\",\"target\":[\"https:\\\/\\\/luxiegroup.com.ec\\\/index.php\\\/nuestras-marcas\\\/siemens\\\/\"]}]},{\"@type\":\"BreadcrumbList\",\"@id\":\"https:\\\/\\\/luxiegroup.com.ec\\\/index.php\\\/nuestras-marcas\\\/siemens\\\/#breadcrumb\",\"itemListElement\":[{\"@type\":\"ListItem\",\"position\":1,\"name\":\"Home\",\"item\":\"https:\\\/\\\/luxiegroup.com.ec\\\/\"},{\"@type\":\"ListItem\",\"position\":2,\"name\":\"NUESTRAS MARCAS\",\"item\":\"https:\\\/\\\/luxiegroup.com.ec\\\/index.php\\\/nuestras-marcas\\\/\"},{\"@type\":\"ListItem\",\"position\":3,\"name\":\"Siemens\"}]},{\"@type\":\"WebSite\",\"@id\":\"https:\\\/\\\/luxiegroup.com.ec\\\/#website\",\"url\":\"https:\\\/\\\/luxiegroup.com.ec\\\/\",\"name\":\"Luxie Group\",\"description\":\"Equipo El\u00e9ctrico Industrial\",\"potentialAction\":[{\"@type\":\"SearchAction\",\"target\":{\"@type\":\"EntryPoint\",\"urlTemplate\":\"https:\\\/\\\/luxiegroup.com.ec\\\/?s={search_term_string}\"},\"query-input\":{\"@type\":\"PropertyValueSpecification\",\"valueRequired\":true,\"valueName\":\"search_term_string\"}}],\"inLanguage\":\"es\"}]}<\/script>\n<!-- \/ Yoast SEO plugin. -->","yoast_head_json":{"title":"Siemens - Luxie Group","robots":{"index":"index","follow":"follow","max-snippet":"max-snippet:-1","max-image-preview":"max-image-preview:large","max-video-preview":"max-video-preview:-1"},"canonical":"https:\/\/luxiegroup.com.ec\/index.php\/nuestras-marcas\/siemens\/","og_locale":"es_ES","og_type":"article","og_title":"Siemens - Luxie Group","og_description":"Fundada en 1847, su \u00e9xito a nivel mundial radica en su esp\u00edritu pionero, genuino y compromiso global. Fabricante de muchas l\u00edneas de productos, de las cuales nuestra empresa promueve: Instrumentos, motores y equipos de protecci\u00f3n y accionamiento. Nuestros productos se encuentran instalados en los procesos de producci\u00f3n de las principales industrias. Los m\u00e1s destacados equipos [&hellip;]","og_url":"https:\/\/luxiegroup.com.ec\/index.php\/nuestras-marcas\/siemens\/","og_site_name":"Luxie Group","article_modified_time":"2023-03-01T02:52:12+00:00","twitter_card":"summary_large_image","schema":{"@context":"https:\/\/schema.org","@graph":[{"@type":"WebPage","@id":"https:\/\/luxiegroup.com.ec\/index.php\/nuestras-marcas\/siemens\/","url":"https:\/\/luxiegroup.com.ec\/index.php\/nuestras-marcas\/siemens\/","name":"Siemens - Luxie Group","isPartOf":{"@id":"https:\/\/luxiegroup.com.ec\/#website"},"datePublished":"2022-10-25T19:17:10+00:00","dateModified":"2023-03-01T02:52:12+00:00","breadcrumb":{"@id":"https:\/\/luxiegroup.com.ec\/index.php\/nuestras-marcas\/siemens\/#breadcrumb"},"inLanguage":"es","potentialAction":[{"@type":"ReadAction","target":["https:\/\/luxiegroup.com.ec\/index.php\/nuestras-marcas\/siemens\/"]}]},{"@type":"BreadcrumbList","@id":"https:\/\/luxiegroup.com.ec\/index.php\/nuestras-marcas\/siemens\/#breadcrumb","itemListElement":[{"@type":"ListItem","position":1,"name":"Home","item":"https:\/\/luxiegroup.com.ec\/"},{"@type":"ListItem","position":2,"name":"NUESTRAS MARCAS","item":"https:\/\/luxiegroup.com.ec\/index.php\/nuestras-marcas\/"},{"@type":"ListItem","position":3,"name":"Siemens"}]},{"@type":"WebSite","@id":"https:\/\/luxiegroup.com.ec\/#website","url":"https:\/\/luxiegroup.com.ec\/","name":"Luxie Group","description":"Equipo El\u00e9ctrico Industrial","potentialAction":[{"@type":"SearchAction","target":{"@type":"EntryPoint","urlTemplate":"https:\/\/luxiegroup.com.ec\/?s={search_term_string}"},"query-input":{"@type":"PropertyValueSpecification","valueRequired":true,"valueName":"search_term_string"}}],"inLanguage":"es"}]}},"_links":{"self":[{"href":"https:\/\/luxiegroup.com.ec\/index.php\/wp-json\/wp\/v2\/pages\/252","targetHints":{"allow":["GET"]}}],"collection":[{"href":"https:\/\/luxiegroup.com.ec\/index.php\/wp-json\/wp\/v2\/pages"}],"about":[{"href":"https:\/\/luxiegroup.com.ec\/index.php\/wp-json\/wp\/v2\/types\/page"}],"author":[{"embeddable":true,"href":"https:\/\/luxiegroup.com.ec\/index.php\/wp-json\/wp\/v2\/users\/2"}],"replies":[{"embeddable":true,"href":"https:\/\/luxiegroup.com.ec\/index.php\/wp-json\/wp\/v2\/comments?post=252"}],"version-history":[{"count":18,"href":"https:\/\/luxiegroup.com.ec\/index.php\/wp-json\/wp\/v2\/pages\/252\/revisions"}],"predecessor-version":[{"id":593,"href":"https:\/\/luxiegroup.com.ec\/index.php\/wp-json\/wp\/v2\/pages\/252\/revisions\/593"}],"up":[{"embeddable":true,"href":"https:\/\/luxiegroup.com.ec\/index.php\/wp-json\/wp\/v2\/pages\/48"}],"wp:attachment":[{"href":"https:\/\/luxiegroup.com.ec\/index.php\/wp-json\/wp\/v2\/media?parent=252"}],"curies":[{"name":"wp","href":"https:\/\/api.w.org\/{rel}","templated":true}]}}