{"id":255,"date":"2022-10-25T19:17:37","date_gmt":"2022-10-25T19:17:37","guid":{"rendered":"https:\/\/luxiegroup.com.ec\/?page_id=255"},"modified":"2023-03-13T17:35:56","modified_gmt":"2023-03-13T22:35:56","slug":"federal-signal","status":"publish","type":"page","link":"https:\/\/luxiegroup.com.ec\/index.php\/nuestras-marcas\/federal-signal\/","title":{"rendered":"Federal Signal"},"content":{"rendered":"<div>\n<p>        <img decoding=\"async\" src=\"\/wp-content\/uploads\/2022\/09\/federal-signal-logo.png\" alt=\"\"><\/p>\n<h3>Sistemas de alerta y se\u00f1alizaci\u00f3n<\/h3>\n<div>\n<p>121 a\u00f1os en la industria, 20 plantas de fabricaci\u00f3n en 5 pa\u00edses alrededor del mundo que producen equipos para protecci\u00f3n, se\u00f1alizaci\u00f3n y alarma para toda condici\u00f3n industrial. Revise los siguientes links:<\/p>\n<p>Sistemas de sirenas de alerta y se\u00f1alizaci\u00f3n por luz:\u00a0 Se adjunta cat\u00e1logo completo FS<\/p>\n<\/div>\n<\/div>\n<hr>\n<div>\n<h3>Descargar cat\u00e1logo<\/h3>\n<p><a href=\"https:\/\/www.federalsignal.com\/industrial-signaling\">Descargar Cat\u00e1logo<\/a><\/p>\n<\/div>\n<hr>\n<ul>\n<li>\n<p>        <img decoding=\"async\" src=\"\/wp-content\/uploads\/2022\/12\/Visual-3.jpg\" alt=\"\"><\/p>\n<h5>Sistemas de se\u00f1alizaci\u00f3n: Visuales<\/h5>\n<p><a href=\"https:\/\/federalsignalsales.com\/product-categories\/strobe-or-warning-lights\/\">Ver m\u00e1s<\/a><\/p>\n<\/li>\n<li>\n<p>        <img decoding=\"async\" src=\"\/wp-content\/uploads\/2022\/12\/Audible-4.jpg\" alt=\"\"><\/p>\n<h5>Sistemas de se\u00f1alizaci\u00f3n: Audibles<\/h5>\n<p><a href=\"https:\/\/federalsignalsales.com\/product-categories\/surveillance-and-detection-equipment\/\">Ver m\u00e1s<\/a><\/p>\n<\/li>\n<li>\n<p>        <img decoding=\"async\" src=\"\/wp-content\/uploads\/2022\/12\/Intercomunicadores.jpg\" alt=\"\"><\/p>\n<h5>Sistemas de voceo y tel\u00e9fono<\/h5>\n<p><a href=\"https:\/\/federalsignalsales.com\/product-categories\/intercom-systems\/\">Ver m\u00e1s<\/a><\/p>\n<\/li>\n<li>\n<p>        <img decoding=\"async\" src=\"\/wp-content\/uploads\/2022\/12\/Visual-EX-1.jpg\" alt=\"\"><\/p>\n<h5>Se\u00f1alizaci\u00f3n visual y sonora a prueba de explosi\u00f3n<\/h5>\n<p><a href=\"https:\/\/luxiegroup.com.ec\/wp-content\/uploads\/2023\/03\/FOLLETO-DISPOSITIVOS-DE-SENALIZACION-PARA-AREAS-PELIGROSAS.pdf\">Ver m\u00e1s<\/a><\/p>\n<\/li>\n<\/ul>\n<h1>NUESTRAS MARCAS<\/h1>\n<ul>\n<li>\n<p>        <img decoding=\"async\" src=\"\/wp-content\/uploads\/2022\/09\/nidec-motor-corporation-logo.png\" alt=\"\"><\/p>\n<p><a href=\"\/index.php\/nuestras-marcas\/nidec\/\"><\/a><\/p>\n<\/li>\n<li>\n<p>        <img decoding=\"async\" src=\"\/wp-content\/uploads\/2022\/09\/US-MOTORS-LOGO-GRANDE.png\" alt=\"\"><\/p>\n<p><a href=\"\/index.php\/nuestras-marcas\/us-motors\/\"><\/a><\/p>\n<\/li>\n<li>\n<p>        <img decoding=\"async\" src=\"\/wp-content\/uploads\/2022\/07\/Leroy-Somer-Logo.jpg\" alt=\"\"><\/p>\n<p><a href=\"\/index.php\/nuestras-marcas\/leroy-sommer\/\"><\/a><\/p>\n<\/li>\n<li>\n<p>        <img decoding=\"async\" src=\"\/wp-content\/uploads\/2022\/09\/Siemens-logo.png\" alt=\"\"><\/p>\n<p><a href=\"\/index.php\/nuestras-marcas\/siemens\/\"><\/a><\/p>\n<\/li>\n<li>\n<p>        <img decoding=\"async\" src=\"\/wp-content\/uploads\/2022\/09\/federal-signal-logo.png\" alt=\"\"><\/p>\n<p><a href=\"\/index.php\/nuestras-marcas\/federal-signal\/\"><\/a><\/p>\n<\/li>\n<li>\n<p>        <img decoding=\"async\" src=\"\/wp-content\/uploads\/2022\/09\/cooper-bussmann-logo.png\" alt=\"\"><\/p>\n<p><a href=\"\/index.php\/nuestras-marcas\/cooper-bussmann\/\"><\/a><\/p>\n<\/li>\n<li>\n<p>        <img decoding=\"async\" src=\"\/wp-content\/uploads\/2023\/02\/NuFlo-logo-V2.jpg\" alt=\"\"><\/p>\n<p><a href=\"\/index.php\/nuestras-marcas\/nuflo\/\"><\/a><\/p>\n<\/li>\n<li>\n<p>        <img decoding=\"async\" src=\"\/wp-content\/uploads\/2022\/12\/MOXA-logo.png\" alt=\"\"><\/p>\n<p><a href=\"\/index.php\/nuestras-marcas\/moxa\/\"><\/a><\/p>\n<\/li>\n<li>\n<p>        <img decoding=\"async\" src=\"\/wp-content\/uploads\/2022\/12\/Prosoft-logo.png\" alt=\"\"><\/p>\n<p><a href=\"\/index.php\/nuestras-marcas\/prosoft\/\"><\/a><\/p>\n<\/li>\n<\/ul>\n<p><!--more--><br \/>\n<!-- {\"name\":\"Marcas\",\"type\":\"layout\",\"children\":[{\"type\":\"section\",\"props\":{\"image_position\":\"center-center\",\"style\":\"default\",\"title_breakpoint\":\"xl\",\"title_position\":\"top-left\",\"title_rotation\":\"left\",\"vertical_align\":\"middle\",\"width\":\"default\"},\"children\":[{\"type\":\"row\",\"children\":[{\"type\":\"column\",\"props\":{\"image_position\":\"center-center\",\"media_overlay_gradient\":\"\",\"position_sticky_breakpoint\":\"m\"},\"children\":[{\"type\":\"panel\",\"props\":{\"content\":\"\n\n<p>121 a\\u00f1os en la industria, 20 plantas de fabricaci\\u00f3n en 5 pa\\u00edses alrededor del mundo que producen equipos para protecci\\u00f3n, se\\u00f1alizaci\\u00f3n y alarma para toda condici\\u00f3n industrial. Revise los siguientes links:<\\\/p>\\n\n\n<p>Sistemas de sirenas de alerta y se\\u00f1alizaci\\u00f3n por luz:\\u00a0 Se adjunta cat\\u00e1logo completo FS<\\\/p>\",\"content_column_breakpoint\":\"m\",\"icon_width\":80,\"image\":\"wp-content\\\/uploads\\\/2022\\\/09\\\/federal-signal-logo.png\",\"image_align\":\"left\",\"image_grid_breakpoint\":\"m\",\"image_grid_width\":\"1-2\",\"image_svg_color\":\"emphasis\",\"image_vertical_align\":true,\"link_style\":\"default\",\"link_text\":\"Read more\",\"margin\":\"default\",\"meta\":\"\",\"meta_align\":\"below-title\",\"meta_element\":\"div\",\"meta_style\":\"text-meta\",\"title\":\"Sistemas de alerta y se\\u00f1alizaci\\u00f3n\",\"title_align\":\"top\",\"title_element\":\"h3\",\"title_grid_breakpoint\":\"m\",\"title_grid_width\":\"1-2\",\"title_hover_style\":\"reset\"}}]}]},{\"type\":\"row\",\"children\":[{\"type\":\"column\",\"props\":{\"image_position\":\"center-center\",\"media_overlay_gradient\":\"\",\"position_sticky_breakpoint\":\"m\"},\"children\":[{\"type\":\"divider\",\"props\":{\"divider_element\":\"hr\",\"divider_style\":\"\"}}]}]},{\"type\":\"row\",\"children\":[{\"type\":\"column\",\"props\":{\"image_position\":\"center-center\",\"media_overlay_gradient\":\"\",\"position_sticky_breakpoint\":\"m\",\"width_medium\":\"\"},\"children\":[{\"type\":\"grid\",\"props\":{\"content_column_breakpoint\":\"m\",\"css\":\".uk-button-text {\\n    font-size: 20px;\\n    line-height: 1.4;\\n}\",\"filter_align\":\"left\",\"filter_all\":true,\"filter_grid_breakpoint\":\"m\",\"filter_grid_width\":\"auto\",\"filter_position\":\"top\",\"filter_style\":\"tab\",\"grid_default\":\"1\",\"grid_medium\":\"\",\"icon_width\":80,\"image_align\":\"left\",\"image_grid_breakpoint\":\"m\",\"image_grid_width\":\"1-2\",\"image_svg_color\":\"emphasis\",\"image_vertical_align\":true,\"item_animation\":true,\"item_maxwidth\":\"medium\",\"link_fullwidth\":true,\"link_size\":\"large\",\"link_style\":\"text\",\"link_target\":true,\"link_text\":\"Read more\",\"margin\":\"default\",\"meta_align\":\"below-title\",\"meta_element\":\"div\",\"meta_style\":\"text-meta\",\"panel_padding\":\"\",\"parallax_easing\":\"1\",\"show_content\":true,\"show_image\":true,\"show_link\":true,\"show_meta\":true,\"show_title\":false,\"text_align\":\"left\",\"text_align_breakpoint\":\"s\",\"text_align_fallback\":\"center\",\"title_align\":\"top\",\"title_element\":\"h3\",\"title_grid_breakpoint\":\"m\",\"title_grid_width\":\"1-2\",\"title_hover_style\":\"reset\"},\"children\":[{\"type\":\"grid_item\",\"props\":{\"icon\":\"file-pdf\",\"link\":\"https:\\\/\\\/www.federalsignal.com\\\/industrial-signaling\",\"link_text\":\"Descargar Cat\\u00e1logo\",\"title\":\"Descargar cat\\u00e1logo\"}}]}]}]},{\"type\":\"row\",\"children\":[{\"type\":\"column\",\"props\":{\"image_position\":\"center-center\",\"media_overlay_gradient\":\"\",\"position_sticky_breakpoint\":\"m\"},\"children\":[{\"type\":\"divider\",\"props\":{\"divider_element\":\"hr\"}}]}]}]},{\"type\":\"section\",\"props\":{\"image_position\":\"center-center\",\"style\":\"default\",\"title_breakpoint\":\"xl\",\"title_position\":\"top-left\",\"title_rotation\":\"left\",\"vertical_align\":\"middle\",\"width\":\"default\"},\"children\":[{\"type\":\"row\",\"children\":[{\"type\":\"column\",\"props\":{\"image_position\":\"center-center\",\"media_overlay_gradient\":\"\",\"position_sticky_breakpoint\":\"m\"},\"children\":[{\"type\":\"grid\",\"props\":{\"content_column_breakpoint\":\"m\",\"filter_align\":\"left\",\"filter_all\":true,\"filter_grid_breakpoint\":\"m\",\"filter_grid_width\":\"auto\",\"filter_position\":\"top\",\"filter_style\":\"tab\",\"grid_default\":\"1\",\"grid_medium\":\"4\",\"icon_width\":80,\"image_align\":\"top\",\"image_grid_breakpoint\":\"m\",\"image_grid_width\":\"1-2\",\"image_height\":\"200\",\"image_svg_color\":\"emphasis\",\"item_animation\":true,\"link_style\":\"primary\",\"link_target\":true,\"link_text\":\"Ver m\\u00e1s\",\"margin\":\"default\",\"meta_align\":\"below-title\",\"meta_element\":\"div\",\"meta_style\":\"text-meta\",\"parallax_easing\":\"1\",\"show_content\":true,\"show_image\":true,\"show_link\":true,\"show_meta\":true,\"show_title\":true,\"text_align\":\"center\",\"title_align\":\"top\",\"title_color\":\"primary\",\"title_element\":\"h5\",\"title_grid_breakpoint\":\"m\",\"title_grid_width\":\"1-2\",\"title_hover_style\":\"reset\"},\"children\":[{\"type\":\"grid_item\",\"props\":{\"content\":\"\",\"image\":\"wp-content\\\/uploads\\\/2022\\\/12\\\/Visual-3.jpg\",\"link\":\"https:\\\/\\\/federalsignalsales.com\\\/product-categories\\\/strobe-or-warning-lights\\\/\",\"title\":\"Sistemas de se\\u00f1alizaci\\u00f3n: Visuales\"}},{\"type\":\"grid_item\",\"props\":{\"content\":\"\",\"image\":\"wp-content\\\/uploads\\\/2022\\\/12\\\/Audible-4.jpg\",\"link\":\"https:\\\/\\\/federalsignalsales.com\\\/product-categories\\\/surveillance-and-detection-equipment\\\/\",\"title\":\"Sistemas de se\\u00f1alizaci\\u00f3n: Audibles\"}},{\"type\":\"grid_item\",\"props\":{\"content\":\"\",\"image\":\"wp-content\\\/uploads\\\/2022\\\/12\\\/Intercomunicadores.jpg\",\"link\":\"https:\\\/\\\/federalsignalsales.com\\\/product-categories\\\/intercom-systems\\\/\",\"title\":\"Sistemas de voceo y tel\\u00e9fono\"}},{\"type\":\"grid_item\",\"props\":{\"content\":\"\",\"image\":\"wp-content\\\/uploads\\\/2022\\\/12\\\/Visual-EX-1.jpg\",\"link\":\"https:\\\/\\\/luxiegroup.com.ec\\\/wp-content\\\/uploads\\\/2023\\\/03\\\/FOLLETO-DISPOSITIVOS-DE-SENALIZACION-PARA-AREAS-PELIGROSAS.pdf\",\"title\":\"Se\\u00f1alizaci\\u00f3n visual y sonora a prueba de explosi\\u00f3n\"}}]}]}]}]},{\"type\":\"section\",\"props\":{\"image_position\":\"center-center\",\"style\":\"default\",\"title_breakpoint\":\"xl\",\"title_position\":\"top-left\",\"title_rotation\":\"left\",\"vertical_align\":\"middle\",\"width\":\"default\"},\"children\":[{\"type\":\"row\",\"children\":[{\"type\":\"column\",\"props\":{\"image_position\":\"center-center\",\"media_overlay_gradient\":\"\",\"position_sticky_breakpoint\":\"m\"},\"children\":[{\"type\":\"headline\",\"props\":{\"content\":\"NUESTRAS MARCAS\",\"title_color\":\"primary\",\"title_element\":\"h1\",\"title_style\":\"h5\"}},{\"type\":\"panel-slider\",\"props\":{\"content_column_breakpoint\":\"m\",\"icon_width\":80,\"image_align\":\"top\",\"image_grid_breakpoint\":\"m\",\"image_grid_width\":\"1-2\",\"image_link\":true,\"image_svg_color\":\"emphasis\",\"link_style\":\"default\",\"link_text\":\"\",\"margin\":\"default\",\"meta_align\":\"below-title\",\"meta_element\":\"div\",\"meta_style\":\"text-meta\",\"nav\":\"\",\"nav_align\":\"center\",\"nav_breakpoint\":\"s\",\"panel_card_match\":true,\"show_content\":true,\"show_image\":true,\"show_link\":true,\"show_meta\":true,\"show_title\":true,\"slidenav\":\"\",\"slidenav_breakpoint\":\"xl\",\"slidenav_margin\":\"medium\",\"slidenav_outside_breakpoint\":\"xl\",\"slider_autoplay\":true,\"slider_autoplay_interval\":\"4\",\"slider_autoplay_pause\":true,\"slider_center\":false,\"slider_gap\":\"large\",\"slider_sets\":false,\"slider_width\":\"fixed\",\"slider_width_default\":\"1-1\",\"slider_width_medium\":\"1-4\",\"title_align\":\"top\",\"title_element\":\"h3\",\"title_grid_breakpoint\":\"m\",\"title_grid_width\":\"1-2\",\"title_hover_style\":\"reset\"},\"children\":[{\"type\":\"panel-slider_item\",\"props\":{\"image\":\"wp-content\\\/uploads\\\/2022\\\/09\\\/nidec-motor-corporation-logo.png\",\"link\":\"index.php\\\/nuestras-marcas\\\/nidec\\\/\"}},{\"type\":\"panel-slider_item\",\"props\":{\"image\":\"wp-content\\\/uploads\\\/2022\\\/09\\\/US-MOTORS-LOGO-GRANDE.png\",\"link\":\"index.php\\\/nuestras-marcas\\\/us-motors\\\/\"}},{\"type\":\"panel-slider_item\",\"props\":{\"image\":\"wp-content\\\/uploads\\\/2022\\\/07\\\/Leroy-Somer-Logo.jpg\",\"link\":\"index.php\\\/nuestras-marcas\\\/leroy-sommer\\\/\"}},{\"type\":\"panel-slider_item\",\"props\":{\"image\":\"wp-content\\\/uploads\\\/2022\\\/09\\\/Siemens-logo.png\",\"link\":\"index.php\\\/nuestras-marcas\\\/siemens\\\/\"}},{\"type\":\"panel-slider_item\",\"props\":{\"image\":\"wp-content\\\/uploads\\\/2022\\\/09\\\/federal-signal-logo.png\",\"link\":\"index.php\\\/nuestras-marcas\\\/federal-signal\\\/\"}},{\"type\":\"panel-slider_item\",\"props\":{\"image\":\"wp-content\\\/uploads\\\/2022\\\/09\\\/cooper-bussmann-logo.png\",\"link\":\"index.php\\\/nuestras-marcas\\\/cooper-bussmann\\\/\"}},{\"type\":\"panel-slider_item\",\"props\":{\"image\":\"wp-content\\\/uploads\\\/2023\\\/02\\\/NuFlo-logo-V2.jpg\",\"link\":\"index.php\\\/nuestras-marcas\\\/nuflo\\\/\"}},{\"type\":\"panel-slider_item\",\"props\":{\"image\":\"wp-content\\\/uploads\\\/2022\\\/12\\\/MOXA-logo.png\",\"link\":\"index.php\\\/nuestras-marcas\\\/moxa\\\/\"}},{\"type\":\"panel-slider_item\",\"props\":{\"image\":\"wp-content\\\/uploads\\\/2022\\\/12\\\/Prosoft-logo.png\",\"link\":\"index.php\\\/nuestras-marcas\\\/prosoft\\\/\"}}],\"name\":\"Slider Marcas V3\"}]}]}],\"name\":\"Nuestras Marcas\"}],\"version\":\"3.0.25\"} --><\/p>\n","protected":false},"excerpt":{"rendered":"<p>Sistemas de alerta y se\u00f1alizaci\u00f3n 121 a\u00f1os en la industria, 20 plantas de fabricaci\u00f3n en 5 pa\u00edses alrededor del mundo que producen equipos para protecci\u00f3n, se\u00f1alizaci\u00f3n y alarma para toda condici\u00f3n industrial. Revise los siguientes links: Sistemas de sirenas de alerta y se\u00f1alizaci\u00f3n por luz:\u00a0 Se adjunta cat\u00e1logo completo FS Descargar cat\u00e1logo Descargar Cat\u00e1logo Sistemas [&hellip;]<\/p>\n","protected":false},"author":2,"featured_media":0,"parent":48,"menu_order":0,"comment_status":"closed","ping_status":"closed","template":"","meta":{"footnotes":""},"class_list":["post-255","page","type-page","status-publish","hentry"],"yoast_head":"<!-- This site is optimized with the Yoast SEO plugin v27.4 - https:\/\/yoast.com\/product\/yoast-seo-wordpress\/ -->\n<title>Federal Signal - Luxie Group<\/title>\n<meta name=\"robots\" content=\"index, follow, max-snippet:-1, max-image-preview:large, max-video-preview:-1\" \/>\n<link rel=\"canonical\" href=\"https:\/\/luxiegroup.com.ec\/index.php\/nuestras-marcas\/federal-signal\/\" \/>\n<meta property=\"og:locale\" content=\"es_ES\" \/>\n<meta property=\"og:type\" content=\"article\" \/>\n<meta property=\"og:title\" content=\"Federal Signal - Luxie Group\" \/>\n<meta property=\"og:description\" content=\"Sistemas de alerta y se\u00f1alizaci\u00f3n 121 a\u00f1os en la industria, 20 plantas de fabricaci\u00f3n en 5 pa\u00edses alrededor del mundo que producen equipos para protecci\u00f3n, se\u00f1alizaci\u00f3n y alarma para toda condici\u00f3n industrial. Revise los siguientes links: Sistemas de sirenas de alerta y se\u00f1alizaci\u00f3n por luz:\u00a0 Se adjunta cat\u00e1logo completo FS Descargar cat\u00e1logo Descargar Cat\u00e1logo Sistemas [&hellip;]\" \/>\n<meta property=\"og:url\" content=\"https:\/\/luxiegroup.com.ec\/index.php\/nuestras-marcas\/federal-signal\/\" \/>\n<meta property=\"og:site_name\" content=\"Luxie Group\" \/>\n<meta property=\"article:modified_time\" content=\"2023-03-13T22:35:56+00:00\" \/>\n<meta name=\"twitter:card\" content=\"summary_large_image\" \/>\n<script type=\"application\/ld+json\" class=\"yoast-schema-graph\">{\"@context\":\"https:\\\/\\\/schema.org\",\"@graph\":[{\"@type\":\"WebPage\",\"@id\":\"https:\\\/\\\/luxiegroup.com.ec\\\/index.php\\\/nuestras-marcas\\\/federal-signal\\\/\",\"url\":\"https:\\\/\\\/luxiegroup.com.ec\\\/index.php\\\/nuestras-marcas\\\/federal-signal\\\/\",\"name\":\"Federal Signal - Luxie Group\",\"isPartOf\":{\"@id\":\"https:\\\/\\\/luxiegroup.com.ec\\\/#website\"},\"datePublished\":\"2022-10-25T19:17:37+00:00\",\"dateModified\":\"2023-03-13T22:35:56+00:00\",\"breadcrumb\":{\"@id\":\"https:\\\/\\\/luxiegroup.com.ec\\\/index.php\\\/nuestras-marcas\\\/federal-signal\\\/#breadcrumb\"},\"inLanguage\":\"es\",\"potentialAction\":[{\"@type\":\"ReadAction\",\"target\":[\"https:\\\/\\\/luxiegroup.com.ec\\\/index.php\\\/nuestras-marcas\\\/federal-signal\\\/\"]}]},{\"@type\":\"BreadcrumbList\",\"@id\":\"https:\\\/\\\/luxiegroup.com.ec\\\/index.php\\\/nuestras-marcas\\\/federal-signal\\\/#breadcrumb\",\"itemListElement\":[{\"@type\":\"ListItem\",\"position\":1,\"name\":\"Home\",\"item\":\"https:\\\/\\\/luxiegroup.com.ec\\\/\"},{\"@type\":\"ListItem\",\"position\":2,\"name\":\"NUESTRAS MARCAS\",\"item\":\"https:\\\/\\\/luxiegroup.com.ec\\\/index.php\\\/nuestras-marcas\\\/\"},{\"@type\":\"ListItem\",\"position\":3,\"name\":\"Federal Signal\"}]},{\"@type\":\"WebSite\",\"@id\":\"https:\\\/\\\/luxiegroup.com.ec\\\/#website\",\"url\":\"https:\\\/\\\/luxiegroup.com.ec\\\/\",\"name\":\"Luxie Group\",\"description\":\"Equipo El\u00e9ctrico Industrial\",\"potentialAction\":[{\"@type\":\"SearchAction\",\"target\":{\"@type\":\"EntryPoint\",\"urlTemplate\":\"https:\\\/\\\/luxiegroup.com.ec\\\/?s={search_term_string}\"},\"query-input\":{\"@type\":\"PropertyValueSpecification\",\"valueRequired\":true,\"valueName\":\"search_term_string\"}}],\"inLanguage\":\"es\"}]}<\/script>\n<!-- \/ Yoast SEO plugin. -->","yoast_head_json":{"title":"Federal Signal - Luxie Group","robots":{"index":"index","follow":"follow","max-snippet":"max-snippet:-1","max-image-preview":"max-image-preview:large","max-video-preview":"max-video-preview:-1"},"canonical":"https:\/\/luxiegroup.com.ec\/index.php\/nuestras-marcas\/federal-signal\/","og_locale":"es_ES","og_type":"article","og_title":"Federal Signal - Luxie Group","og_description":"Sistemas de alerta y se\u00f1alizaci\u00f3n 121 a\u00f1os en la industria, 20 plantas de fabricaci\u00f3n en 5 pa\u00edses alrededor del mundo que producen equipos para protecci\u00f3n, se\u00f1alizaci\u00f3n y alarma para toda condici\u00f3n industrial. Revise los siguientes links: Sistemas de sirenas de alerta y se\u00f1alizaci\u00f3n por luz:\u00a0 Se adjunta cat\u00e1logo completo FS Descargar cat\u00e1logo Descargar Cat\u00e1logo Sistemas [&hellip;]","og_url":"https:\/\/luxiegroup.com.ec\/index.php\/nuestras-marcas\/federal-signal\/","og_site_name":"Luxie Group","article_modified_time":"2023-03-13T22:35:56+00:00","twitter_card":"summary_large_image","schema":{"@context":"https:\/\/schema.org","@graph":[{"@type":"WebPage","@id":"https:\/\/luxiegroup.com.ec\/index.php\/nuestras-marcas\/federal-signal\/","url":"https:\/\/luxiegroup.com.ec\/index.php\/nuestras-marcas\/federal-signal\/","name":"Federal Signal - Luxie Group","isPartOf":{"@id":"https:\/\/luxiegroup.com.ec\/#website"},"datePublished":"2022-10-25T19:17:37+00:00","dateModified":"2023-03-13T22:35:56+00:00","breadcrumb":{"@id":"https:\/\/luxiegroup.com.ec\/index.php\/nuestras-marcas\/federal-signal\/#breadcrumb"},"inLanguage":"es","potentialAction":[{"@type":"ReadAction","target":["https:\/\/luxiegroup.com.ec\/index.php\/nuestras-marcas\/federal-signal\/"]}]},{"@type":"BreadcrumbList","@id":"https:\/\/luxiegroup.com.ec\/index.php\/nuestras-marcas\/federal-signal\/#breadcrumb","itemListElement":[{"@type":"ListItem","position":1,"name":"Home","item":"https:\/\/luxiegroup.com.ec\/"},{"@type":"ListItem","position":2,"name":"NUESTRAS MARCAS","item":"https:\/\/luxiegroup.com.ec\/index.php\/nuestras-marcas\/"},{"@type":"ListItem","position":3,"name":"Federal Signal"}]},{"@type":"WebSite","@id":"https:\/\/luxiegroup.com.ec\/#website","url":"https:\/\/luxiegroup.com.ec\/","name":"Luxie Group","description":"Equipo El\u00e9ctrico Industrial","potentialAction":[{"@type":"SearchAction","target":{"@type":"EntryPoint","urlTemplate":"https:\/\/luxiegroup.com.ec\/?s={search_term_string}"},"query-input":{"@type":"PropertyValueSpecification","valueRequired":true,"valueName":"search_term_string"}}],"inLanguage":"es"}]}},"_links":{"self":[{"href":"https:\/\/luxiegroup.com.ec\/index.php\/wp-json\/wp\/v2\/pages\/255","targetHints":{"allow":["GET"]}}],"collection":[{"href":"https:\/\/luxiegroup.com.ec\/index.php\/wp-json\/wp\/v2\/pages"}],"about":[{"href":"https:\/\/luxiegroup.com.ec\/index.php\/wp-json\/wp\/v2\/types\/page"}],"author":[{"embeddable":true,"href":"https:\/\/luxiegroup.com.ec\/index.php\/wp-json\/wp\/v2\/users\/2"}],"replies":[{"embeddable":true,"href":"https:\/\/luxiegroup.com.ec\/index.php\/wp-json\/wp\/v2\/comments?post=255"}],"version-history":[{"count":17,"href":"https:\/\/luxiegroup.com.ec\/index.php\/wp-json\/wp\/v2\/pages\/255\/revisions"}],"predecessor-version":[{"id":620,"href":"https:\/\/luxiegroup.com.ec\/index.php\/wp-json\/wp\/v2\/pages\/255\/revisions\/620"}],"up":[{"embeddable":true,"href":"https:\/\/luxiegroup.com.ec\/index.php\/wp-json\/wp\/v2\/pages\/48"}],"wp:attachment":[{"href":"https:\/\/luxiegroup.com.ec\/index.php\/wp-json\/wp\/v2\/media?parent=255"}],"curies":[{"name":"wp","href":"https:\/\/api.w.org\/{rel}","templated":true}]}}