{"id":58,"date":"2022-08-05T18:01:45","date_gmt":"2022-08-05T18:01:45","guid":{"rendered":"https:\/\/luxiegroup.com.ec\/?page_id=58"},"modified":"2023-03-13T17:33:07","modified_gmt":"2023-03-13T22:33:07","slug":"leroy-sommer","status":"publish","type":"page","link":"https:\/\/luxiegroup.com.ec\/index.php\/nuestras-marcas\/leroy-sommer\/","title":{"rendered":"Leroy Sommer"},"content":{"rendered":"<div>\n<p>        <img decoding=\"async\" src=\"\/wp-content\/uploads\/2022\/07\/Leroy-Somer-Logo.jpg\" alt=\"\"><\/p>\n<h3>Alternadores de Gran Tama\u00f1o<\/h3>\n<div>\n<p><span>Fundada en 1919 por Marcellin Leroy, en Angouleme- Francia, como un taller de reparaci\u00f3n de alternadores. En 1967 se fusiona con motores Somer, en 1990 fue comprada por Emerson y as\u00ed despunta al mercado internacional con plantas en varias partes del mundo. Finalmente, en el 2017 Nidec compra Leroy Somer. fabricante de alternadores y motores bajo normas IEC. Sus alternadores se pueden encontrar asociados a marcas de generadores como W\u00e4rtsil\u00e4, Waukesha, MTU, etc, y tambi\u00e9n a las turbinas de generaci\u00f3n de grandes marcas.<\/span><\/p>\n<p><span>Es un miembro activo de UN Global Compact\u00b4s en sus 4 \u00e1reas: Derechos Humanos, Trabajo, Medio Ambiente y Anticorrupci\u00f3n.<br \/>\n<\/span><\/p>\n<\/div>\n<\/div>\n<hr>\n<div>\n<h3>Descargar cat\u00e1logo<\/h3>\n<p><a href=\"https:\/\/acim.nidec.com\/motors\/leroy-somer\/about-us\/leroy-somer\">Descargar Cat\u00e1logo<\/a><\/p>\n<\/div>\n<hr>\n<h1>ALTERNADORES<\/h1>\n<ul>\n<li>\n<p>        <img decoding=\"async\" src=\"\/wp-content\/uploads\/2022\/12\/Alternador-LSA-523.jpg\" alt=\"\"><\/p>\n<h5>Alternador LSA de hasta 2750 kVA<\/h5>\n<p><a href=\"https:\/\/acim.nidec.com\/generators\/leroy-somer\/products\/industrial\/lsa\">Ver m\u00e1s<\/a><\/p>\n<\/li>\n<li>\n<p>        <img decoding=\"async\" src=\"\/wp-content\/uploads\/2022\/12\/Alternador-LSAC-Biomasa.jpg\" alt=\"\"><\/p>\n<h5>Generador LSAC para Biomasa<\/h5>\n<p><a href=\"https:\/\/acim.nidec.com\/generators\/leroy-somer\/products\">Ver m\u00e1s<\/a><\/p>\n<\/li>\n<li>\n<p>        <img decoding=\"async\" src=\"\/wp-content\/uploads\/2023\/02\/Repuestos-para-alternadores.jpg\" alt=\"\"><\/p>\n<h5>Repuestos para todos los alternadores<\/h5>\n<p><a href=\"https:\/\/acim.nidec.com\/generators\/leroy-somer\/service\/spare-parts\">Ver m\u00e1s<\/a><\/p>\n<\/li>\n<\/ul>\n<h1>MOTORES EL\u00c9CTRICOS<\/h1>\n<ul>\n<li>\n<p>        <img decoding=\"async\" src=\"\/wp-content\/uploads\/2023\/02\/Motor-de-induccion.jpg\" alt=\"\"><\/p>\n<h5>Motores de Inducci\u00f3n<\/h5>\n<p><a href=\"https:\/\/acim.nidec.com\/motors\/leroy-somer\/products\/induction-motors\">Ver m\u00e1s<\/a><\/p>\n<\/li>\n<li>\n<p>        <img decoding=\"async\" src=\"\/wp-content\/uploads\/2023\/02\/Motores-de-imanes-permanentes.png\" alt=\"\"><\/p>\n<h5>Motores de imanes permanentes<\/h5>\n<p><a href=\"https:\/\/acim.nidec.com\/motors\/leroy-somer\/products\/synchronous-reluctance-permanent-magnet-motors\">Ver m\u00e1s<\/a><\/p>\n<\/li>\n<li>\n<p>        <img decoding=\"async\" src=\"\/wp-content\/uploads\/2023\/02\/Motorreductores.jpg\" alt=\"\"><\/p>\n<h5>Motorreductores<\/h5>\n<p><a href=\"https:\/\/acim.nidec.com\/motors\/leroy-somer\/products\/gears-geared-motors\">Ver m\u00e1s<\/a><\/p>\n<\/li>\n<\/ul>\n<h1>NUESTRAS MARCAS<\/h1>\n<ul>\n<li>\n<p>        <img decoding=\"async\" src=\"\/wp-content\/uploads\/2022\/09\/nidec-motor-corporation-logo.png\" alt=\"\"><\/p>\n<p><a href=\"\/index.php\/nuestras-marcas\/nidec\/\"><\/a><\/p>\n<\/li>\n<li>\n<p>        <img decoding=\"async\" src=\"\/wp-content\/uploads\/2022\/09\/US-MOTORS-LOGO-GRANDE.png\" alt=\"\"><\/p>\n<p><a href=\"\/index.php\/nuestras-marcas\/us-motors\/\"><\/a><\/p>\n<\/li>\n<li>\n<p>        <img decoding=\"async\" src=\"\/wp-content\/uploads\/2022\/07\/Leroy-Somer-Logo.jpg\" alt=\"\"><\/p>\n<p><a href=\"\/index.php\/nuestras-marcas\/leroy-sommer\/\"><\/a><\/p>\n<\/li>\n<li>\n<p>        <img decoding=\"async\" src=\"\/wp-content\/uploads\/2022\/09\/Siemens-logo.png\" alt=\"\"><\/p>\n<p><a href=\"\/index.php\/nuestras-marcas\/siemens\/\"><\/a><\/p>\n<\/li>\n<li>\n<p>        <img decoding=\"async\" src=\"\/wp-content\/uploads\/2022\/09\/federal-signal-logo.png\" alt=\"\"><\/p>\n<p><a href=\"\/index.php\/nuestras-marcas\/federal-signal\/\"><\/a><\/p>\n<\/li>\n<li>\n<p>        <img decoding=\"async\" src=\"\/wp-content\/uploads\/2022\/09\/cooper-bussmann-logo.png\" alt=\"\"><\/p>\n<p><a href=\"\/index.php\/nuestras-marcas\/cooper-bussmann\/\"><\/a><\/p>\n<\/li>\n<li>\n<p>        <img decoding=\"async\" src=\"\/wp-content\/uploads\/2023\/02\/NuFlo-logo-V2.jpg\" alt=\"\"><\/p>\n<p><a href=\"\/index.php\/nuestras-marcas\/nuflo\/\"><\/a><\/p>\n<\/li>\n<li>\n<p>        <img decoding=\"async\" src=\"\/wp-content\/uploads\/2022\/12\/MOXA-logo.png\" alt=\"\"><\/p>\n<p><a href=\"\/index.php\/nuestras-marcas\/moxa\/\"><\/a><\/p>\n<\/li>\n<li>\n<p>        <img decoding=\"async\" src=\"\/wp-content\/uploads\/2022\/12\/Prosoft-logo.png\" alt=\"\"><\/p>\n<p><a href=\"\/index.php\/nuestras-marcas\/prosoft\/\"><\/a><\/p>\n<\/li>\n<\/ul>\n<p><!--more--><br \/>\n<!-- {\"type\":\"layout\",\"children\":[{\"type\":\"section\",\"props\":{\"image_position\":\"center-center\",\"style\":\"default\",\"title_breakpoint\":\"xl\",\"title_position\":\"top-left\",\"title_rotation\":\"left\",\"vertical_align\":\"middle\",\"width\":\"default\"},\"children\":[{\"type\":\"row\",\"children\":[{\"type\":\"column\",\"props\":{\"image_position\":\"center-center\",\"media_overlay_gradient\":\"\",\"position_sticky_breakpoint\":\"m\"},\"children\":[{\"type\":\"panel\",\"props\":{\"content\":\"\n\n<p><span>Fundada en 1919 por Marcellin Leroy, en Angouleme- Francia, como un taller de reparaci\\u00f3n de alternadores. En 1967 se fusiona con motores Somer, en 1990 fue comprada por Emerson y as\\u00ed despunta al mercado internacional con plantas en varias partes del mundo. Finalmente, en el 2017 Nidec compra Leroy Somer. fabricante de alternadores y motores bajo normas IEC. Sus alternadores se pueden encontrar asociados a marcas de generadores como W\\u00e4rtsil\\u00e4, Waukesha, MTU, etc, y tambi\\u00e9n a las turbinas de generaci\\u00f3n de grandes marcas.<\\\/span><\\\/p>\\n\n\n<p><span>Es un miembro activo de UN Global Compact\\u00b4s en sus 4 \\u00e1reas: Derechos Humanos, Trabajo, Medio Ambiente y Anticorrupci\\u00f3n.\\n<\\\/span><\\\/p>\",\"content_column_breakpoint\":\"m\",\"icon_width\":80,\"image\":\"wp-content\\\/uploads\\\/2022\\\/07\\\/Leroy-Somer-Logo.jpg\",\"image_align\":\"left\",\"image_grid_breakpoint\":\"m\",\"image_grid_width\":\"1-2\",\"image_svg_color\":\"emphasis\",\"image_vertical_align\":true,\"link_style\":\"default\",\"link_text\":\"Read more\",\"margin\":\"default\",\"meta\":\"\",\"meta_align\":\"below-title\",\"meta_element\":\"div\",\"meta_style\":\"text-meta\",\"title\":\"Alternadores de Gran Tama\\u00f1o\",\"title_align\":\"top\",\"title_element\":\"h3\",\"title_grid_breakpoint\":\"m\",\"title_grid_width\":\"1-2\",\"title_hover_style\":\"reset\"}}]}]},{\"type\":\"row\",\"children\":[{\"type\":\"column\",\"props\":{\"image_position\":\"center-center\",\"media_overlay_gradient\":\"\",\"position_sticky_breakpoint\":\"m\"},\"children\":[{\"type\":\"divider\",\"props\":{\"divider_element\":\"hr\",\"divider_style\":\"\"}}]}]},{\"type\":\"row\",\"children\":[{\"type\":\"column\",\"props\":{\"image_position\":\"center-center\",\"media_overlay_gradient\":\"\",\"position_sticky_breakpoint\":\"m\",\"width_medium\":\"\"},\"children\":[{\"type\":\"grid\",\"props\":{\"content_column_breakpoint\":\"m\",\"css\":\".uk-button-text {\\n    font-size: 20px;\\n    line-height: 1.4;\\n}\",\"filter_align\":\"left\",\"filter_all\":true,\"filter_grid_breakpoint\":\"m\",\"filter_grid_width\":\"auto\",\"filter_position\":\"top\",\"filter_style\":\"tab\",\"grid_default\":\"1\",\"grid_medium\":\"\",\"icon_width\":80,\"image_align\":\"left\",\"image_grid_breakpoint\":\"m\",\"image_grid_width\":\"1-2\",\"image_svg_color\":\"emphasis\",\"image_vertical_align\":true,\"item_animation\":true,\"item_maxwidth\":\"medium\",\"link_fullwidth\":true,\"link_size\":\"large\",\"link_style\":\"text\",\"link_target\":true,\"link_text\":\"Read more\",\"margin\":\"default\",\"meta_align\":\"below-title\",\"meta_element\":\"div\",\"meta_style\":\"text-meta\",\"panel_padding\":\"\",\"parallax_easing\":\"1\",\"show_content\":true,\"show_image\":true,\"show_link\":true,\"show_meta\":true,\"show_title\":false,\"text_align\":\"left\",\"text_align_breakpoint\":\"s\",\"text_align_fallback\":\"center\",\"title_align\":\"top\",\"title_element\":\"h3\",\"title_grid_breakpoint\":\"m\",\"title_grid_width\":\"1-2\",\"title_hover_style\":\"reset\"},\"children\":[{\"type\":\"grid_item\",\"props\":{\"icon\":\"file-pdf\",\"link\":\"https:\\\/\\\/acim.nidec.com\\\/motors\\\/leroy-somer\\\/about-us\\\/leroy-somer\",\"link_text\":\"Descargar Cat\\u00e1logo\",\"title\":\"Descargar cat\\u00e1logo\"}}]}]}]},{\"type\":\"row\",\"children\":[{\"type\":\"column\",\"props\":{\"image_position\":\"center-center\",\"media_overlay_gradient\":\"\",\"position_sticky_breakpoint\":\"m\"},\"children\":[{\"type\":\"divider\",\"props\":{\"divider_element\":\"hr\"}}]}]}]},{\"type\":\"section\",\"props\":{\"image_position\":\"center-center\",\"style\":\"default\",\"title_breakpoint\":\"xl\",\"title_position\":\"top-left\",\"title_rotation\":\"left\",\"vertical_align\":\"middle\",\"width\":\"default\"},\"children\":[{\"type\":\"row\",\"children\":[{\"type\":\"column\",\"props\":{\"image_position\":\"center-center\",\"media_overlay_gradient\":\"\",\"position_sticky_breakpoint\":\"m\"},\"children\":[{\"type\":\"headline\",\"props\":{\"content\":\"ALTERNADORES\",\"title_color\":\"primary\",\"title_element\":\"h1\",\"title_style\":\"h2\"}},{\"type\":\"grid\",\"props\":{\"content_column_breakpoint\":\"m\",\"filter_align\":\"left\",\"filter_all\":true,\"filter_grid_breakpoint\":\"m\",\"filter_grid_width\":\"auto\",\"filter_position\":\"top\",\"filter_style\":\"tab\",\"grid_default\":\"1\",\"grid_medium\":\"3\",\"icon_width\":80,\"image_align\":\"top\",\"image_grid_breakpoint\":\"m\",\"image_grid_width\":\"1-2\",\"image_height\":\"200\",\"image_svg_color\":\"emphasis\",\"item_animation\":true,\"link_style\":\"primary\",\"link_target\":true,\"link_text\":\"Ver m\\u00e1s\",\"margin\":\"default\",\"meta_align\":\"below-title\",\"meta_element\":\"div\",\"meta_style\":\"text-meta\",\"parallax_easing\":\"1\",\"show_content\":true,\"show_image\":true,\"show_link\":true,\"show_meta\":true,\"show_title\":true,\"text_align\":\"center\",\"title_align\":\"top\",\"title_color\":\"primary\",\"title_element\":\"h5\",\"title_grid_breakpoint\":\"m\",\"title_grid_width\":\"1-2\",\"title_hover_style\":\"reset\"},\"children\":[{\"type\":\"grid_item\",\"props\":{\"content\":\"\",\"image\":\"wp-content\\\/uploads\\\/2022\\\/12\\\/Alternador-LSA-523.jpg\",\"link\":\"https:\\\/\\\/acim.nidec.com\\\/generators\\\/leroy-somer\\\/products\\\/industrial\\\/lsa\",\"title\":\"Alternador LSA de hasta 2750 kVA\"}},{\"type\":\"grid_item\",\"props\":{\"content\":\"\",\"image\":\"wp-content\\\/uploads\\\/2022\\\/12\\\/Alternador-LSAC-Biomasa.jpg\",\"link\":\"https:\\\/\\\/acim.nidec.com\\\/generators\\\/leroy-somer\\\/products\",\"title\":\"Generador LSAC para Biomasa\"}},{\"type\":\"grid_item\",\"props\":{\"content\":\"\",\"image\":\"wp-content\\\/uploads\\\/2023\\\/02\\\/Repuestos-para-alternadores.jpg\",\"link\":\"https:\\\/\\\/acim.nidec.com\\\/generators\\\/leroy-somer\\\/service\\\/spare-parts\",\"title\":\"Repuestos para todos los alternadores\"}}]}]}]}]},{\"type\":\"section\",\"props\":{\"image_position\":\"center-center\",\"style\":\"default\",\"title_breakpoint\":\"xl\",\"title_position\":\"top-left\",\"title_rotation\":\"left\",\"vertical_align\":\"middle\",\"width\":\"default\"},\"children\":[{\"type\":\"row\",\"children\":[{\"type\":\"column\",\"props\":{\"image_position\":\"center-center\",\"media_overlay_gradient\":\"\",\"position_sticky_breakpoint\":\"m\"},\"children\":[{\"type\":\"headline\",\"props\":{\"content\":\"MOTORES EL\\u00c9CTRICOS\",\"title_color\":\"primary\",\"title_element\":\"h1\",\"title_style\":\"h2\"}},{\"type\":\"grid\",\"props\":{\"content_column_breakpoint\":\"m\",\"filter_align\":\"left\",\"filter_all\":true,\"filter_grid_breakpoint\":\"m\",\"filter_grid_width\":\"auto\",\"filter_position\":\"top\",\"filter_style\":\"tab\",\"grid_default\":\"1\",\"grid_medium\":\"3\",\"icon_width\":80,\"image_align\":\"top\",\"image_grid_breakpoint\":\"m\",\"image_grid_width\":\"1-2\",\"image_height\":\"200\",\"image_svg_color\":\"emphasis\",\"item_animation\":true,\"link_style\":\"primary\",\"link_target\":true,\"link_text\":\"Ver m\\u00e1s\",\"margin\":\"default\",\"meta_align\":\"below-title\",\"meta_element\":\"div\",\"meta_style\":\"text-meta\",\"parallax_easing\":\"1\",\"show_content\":true,\"show_image\":true,\"show_link\":true,\"show_meta\":true,\"show_title\":true,\"text_align\":\"center\",\"title_align\":\"top\",\"title_color\":\"primary\",\"title_element\":\"h5\",\"title_grid_breakpoint\":\"m\",\"title_grid_width\":\"1-2\",\"title_hover_style\":\"reset\"},\"children\":[{\"type\":\"grid_item\",\"props\":{\"content\":\"\",\"image\":\"wp-content\\\/uploads\\\/2023\\\/02\\\/Motor-de-induccion.jpg\",\"link\":\"https:\\\/\\\/acim.nidec.com\\\/motors\\\/leroy-somer\\\/products\\\/induction-motors\",\"title\":\"Motores de Inducci\\u00f3n\"}},{\"type\":\"grid_item\",\"props\":{\"content\":\"\",\"image\":\"wp-content\\\/uploads\\\/2023\\\/02\\\/Motores-de-imanes-permanentes.png\",\"link\":\"https:\\\/\\\/acim.nidec.com\\\/motors\\\/leroy-somer\\\/products\\\/synchronous-reluctance-permanent-magnet-motors\",\"title\":\"Motores de imanes permanentes\"}},{\"type\":\"grid_item\",\"props\":{\"content\":\"\",\"image\":\"wp-content\\\/uploads\\\/2023\\\/02\\\/Motorreductores.jpg\",\"link\":\"https:\\\/\\\/acim.nidec.com\\\/motors\\\/leroy-somer\\\/products\\\/gears-geared-motors\",\"title\":\"Motorreductores\"}}]}]}]}]},{\"type\":\"section\",\"props\":{\"image_position\":\"center-center\",\"style\":\"default\",\"title_breakpoint\":\"xl\",\"title_position\":\"top-left\",\"title_rotation\":\"left\",\"vertical_align\":\"middle\",\"width\":\"default\"},\"children\":[{\"type\":\"row\",\"children\":[{\"type\":\"column\",\"props\":{\"image_position\":\"center-center\",\"media_overlay_gradient\":\"\",\"position_sticky_breakpoint\":\"m\"},\"children\":[{\"type\":\"headline\",\"props\":{\"content\":\"NUESTRAS MARCAS\",\"title_color\":\"primary\",\"title_element\":\"h1\",\"title_style\":\"h5\"}},{\"type\":\"panel-slider\",\"props\":{\"content_column_breakpoint\":\"m\",\"icon_width\":80,\"image_align\":\"top\",\"image_grid_breakpoint\":\"m\",\"image_grid_width\":\"1-2\",\"image_link\":true,\"image_svg_color\":\"emphasis\",\"link_style\":\"default\",\"link_text\":\"\",\"margin\":\"default\",\"meta_align\":\"below-title\",\"meta_element\":\"div\",\"meta_style\":\"text-meta\",\"nav\":\"\",\"nav_align\":\"center\",\"nav_breakpoint\":\"s\",\"panel_card_match\":true,\"show_content\":true,\"show_image\":true,\"show_link\":true,\"show_meta\":true,\"show_title\":true,\"slidenav\":\"\",\"slidenav_breakpoint\":\"xl\",\"slidenav_margin\":\"medium\",\"slidenav_outside_breakpoint\":\"xl\",\"slider_autoplay\":true,\"slider_autoplay_interval\":\"4\",\"slider_autoplay_pause\":true,\"slider_center\":false,\"slider_gap\":\"large\",\"slider_sets\":false,\"slider_width\":\"fixed\",\"slider_width_default\":\"1-1\",\"slider_width_medium\":\"1-4\",\"title_align\":\"top\",\"title_element\":\"h3\",\"title_grid_breakpoint\":\"m\",\"title_grid_width\":\"1-2\",\"title_hover_style\":\"reset\"},\"children\":[{\"type\":\"panel-slider_item\",\"props\":{\"image\":\"wp-content\\\/uploads\\\/2022\\\/09\\\/nidec-motor-corporation-logo.png\",\"link\":\"index.php\\\/nuestras-marcas\\\/nidec\\\/\"}},{\"type\":\"panel-slider_item\",\"props\":{\"image\":\"wp-content\\\/uploads\\\/2022\\\/09\\\/US-MOTORS-LOGO-GRANDE.png\",\"link\":\"index.php\\\/nuestras-marcas\\\/us-motors\\\/\"}},{\"type\":\"panel-slider_item\",\"props\":{\"image\":\"wp-content\\\/uploads\\\/2022\\\/07\\\/Leroy-Somer-Logo.jpg\",\"link\":\"index.php\\\/nuestras-marcas\\\/leroy-sommer\\\/\"}},{\"type\":\"panel-slider_item\",\"props\":{\"image\":\"wp-content\\\/uploads\\\/2022\\\/09\\\/Siemens-logo.png\",\"link\":\"index.php\\\/nuestras-marcas\\\/siemens\\\/\"}},{\"type\":\"panel-slider_item\",\"props\":{\"image\":\"wp-content\\\/uploads\\\/2022\\\/09\\\/federal-signal-logo.png\",\"link\":\"index.php\\\/nuestras-marcas\\\/federal-signal\\\/\"}},{\"type\":\"panel-slider_item\",\"props\":{\"image\":\"wp-content\\\/uploads\\\/2022\\\/09\\\/cooper-bussmann-logo.png\",\"link\":\"index.php\\\/nuestras-marcas\\\/cooper-bussmann\\\/\"}},{\"type\":\"panel-slider_item\",\"props\":{\"image\":\"wp-content\\\/uploads\\\/2023\\\/02\\\/NuFlo-logo-V2.jpg\",\"link\":\"index.php\\\/nuestras-marcas\\\/nuflo\\\/\"}},{\"type\":\"panel-slider_item\",\"props\":{\"image\":\"wp-content\\\/uploads\\\/2022\\\/12\\\/MOXA-logo.png\",\"link\":\"index.php\\\/nuestras-marcas\\\/moxa\\\/\"}},{\"type\":\"panel-slider_item\",\"props\":{\"image\":\"wp-content\\\/uploads\\\/2022\\\/12\\\/Prosoft-logo.png\",\"link\":\"index.php\\\/nuestras-marcas\\\/prosoft\\\/\"}}],\"name\":\"Slider Marcas V3\"}]}]}],\"name\":\"Nuestras Marcas\"}],\"version\":\"3.0.25\"} --><\/p>\n","protected":false},"excerpt":{"rendered":"<p>Alternadores de Gran Tama\u00f1o Fundada en 1919 por Marcellin Leroy, en Angouleme- Francia, como un taller de reparaci\u00f3n de alternadores. En 1967 se fusiona con motores Somer, en 1990 fue comprada por Emerson y as\u00ed despunta al mercado internacional con plantas en varias partes del mundo. Finalmente, en el 2017 Nidec compra Leroy Somer. fabricante [&hellip;]<\/p>\n","protected":false},"author":2,"featured_media":0,"parent":48,"menu_order":0,"comment_status":"closed","ping_status":"closed","template":"","meta":{"footnotes":""},"class_list":["post-58","page","type-page","status-publish","hentry"],"yoast_head":"<!-- This site is optimized with the Yoast SEO plugin v27.5 - https:\/\/yoast.com\/product\/yoast-seo-wordpress\/ -->\n<title>Leroy Sommer - Luxie Group<\/title>\n<meta name=\"robots\" content=\"index, follow, max-snippet:-1, max-image-preview:large, max-video-preview:-1\" \/>\n<link rel=\"canonical\" href=\"https:\/\/luxiegroup.com.ec\/index.php\/nuestras-marcas\/leroy-sommer\/\" \/>\n<meta property=\"og:locale\" content=\"es_ES\" \/>\n<meta property=\"og:type\" content=\"article\" \/>\n<meta property=\"og:title\" content=\"Leroy Sommer - Luxie Group\" \/>\n<meta property=\"og:description\" content=\"Alternadores de Gran Tama\u00f1o Fundada en 1919 por Marcellin Leroy, en Angouleme- Francia, como un taller de reparaci\u00f3n de alternadores. En 1967 se fusiona con motores Somer, en 1990 fue comprada por Emerson y as\u00ed despunta al mercado internacional con plantas en varias partes del mundo. Finalmente, en el 2017 Nidec compra Leroy Somer. fabricante [&hellip;]\" \/>\n<meta property=\"og:url\" content=\"https:\/\/luxiegroup.com.ec\/index.php\/nuestras-marcas\/leroy-sommer\/\" \/>\n<meta property=\"og:site_name\" content=\"Luxie Group\" \/>\n<meta property=\"article:modified_time\" content=\"2023-03-13T22:33:07+00:00\" \/>\n<meta name=\"twitter:card\" content=\"summary_large_image\" \/>\n<script type=\"application\/ld+json\" class=\"yoast-schema-graph\">{\"@context\":\"https:\\\/\\\/schema.org\",\"@graph\":[{\"@type\":\"WebPage\",\"@id\":\"https:\\\/\\\/luxiegroup.com.ec\\\/index.php\\\/nuestras-marcas\\\/leroy-sommer\\\/\",\"url\":\"https:\\\/\\\/luxiegroup.com.ec\\\/index.php\\\/nuestras-marcas\\\/leroy-sommer\\\/\",\"name\":\"Leroy Sommer - Luxie Group\",\"isPartOf\":{\"@id\":\"https:\\\/\\\/luxiegroup.com.ec\\\/#website\"},\"datePublished\":\"2022-08-05T18:01:45+00:00\",\"dateModified\":\"2023-03-13T22:33:07+00:00\",\"breadcrumb\":{\"@id\":\"https:\\\/\\\/luxiegroup.com.ec\\\/index.php\\\/nuestras-marcas\\\/leroy-sommer\\\/#breadcrumb\"},\"inLanguage\":\"es\",\"potentialAction\":[{\"@type\":\"ReadAction\",\"target\":[\"https:\\\/\\\/luxiegroup.com.ec\\\/index.php\\\/nuestras-marcas\\\/leroy-sommer\\\/\"]}]},{\"@type\":\"BreadcrumbList\",\"@id\":\"https:\\\/\\\/luxiegroup.com.ec\\\/index.php\\\/nuestras-marcas\\\/leroy-sommer\\\/#breadcrumb\",\"itemListElement\":[{\"@type\":\"ListItem\",\"position\":1,\"name\":\"Home\",\"item\":\"https:\\\/\\\/luxiegroup.com.ec\\\/\"},{\"@type\":\"ListItem\",\"position\":2,\"name\":\"NUESTRAS MARCAS\",\"item\":\"https:\\\/\\\/luxiegroup.com.ec\\\/index.php\\\/nuestras-marcas\\\/\"},{\"@type\":\"ListItem\",\"position\":3,\"name\":\"Leroy Sommer\"}]},{\"@type\":\"WebSite\",\"@id\":\"https:\\\/\\\/luxiegroup.com.ec\\\/#website\",\"url\":\"https:\\\/\\\/luxiegroup.com.ec\\\/\",\"name\":\"Luxie Group\",\"description\":\"Equipo El\u00e9ctrico Industrial\",\"potentialAction\":[{\"@type\":\"SearchAction\",\"target\":{\"@type\":\"EntryPoint\",\"urlTemplate\":\"https:\\\/\\\/luxiegroup.com.ec\\\/?s={search_term_string}\"},\"query-input\":{\"@type\":\"PropertyValueSpecification\",\"valueRequired\":true,\"valueName\":\"search_term_string\"}}],\"inLanguage\":\"es\"}]}<\/script>\n<!-- \/ Yoast SEO plugin. -->","yoast_head_json":{"title":"Leroy Sommer - Luxie Group","robots":{"index":"index","follow":"follow","max-snippet":"max-snippet:-1","max-image-preview":"max-image-preview:large","max-video-preview":"max-video-preview:-1"},"canonical":"https:\/\/luxiegroup.com.ec\/index.php\/nuestras-marcas\/leroy-sommer\/","og_locale":"es_ES","og_type":"article","og_title":"Leroy Sommer - Luxie Group","og_description":"Alternadores de Gran Tama\u00f1o Fundada en 1919 por Marcellin Leroy, en Angouleme- Francia, como un taller de reparaci\u00f3n de alternadores. En 1967 se fusiona con motores Somer, en 1990 fue comprada por Emerson y as\u00ed despunta al mercado internacional con plantas en varias partes del mundo. Finalmente, en el 2017 Nidec compra Leroy Somer. fabricante [&hellip;]","og_url":"https:\/\/luxiegroup.com.ec\/index.php\/nuestras-marcas\/leroy-sommer\/","og_site_name":"Luxie Group","article_modified_time":"2023-03-13T22:33:07+00:00","twitter_card":"summary_large_image","schema":{"@context":"https:\/\/schema.org","@graph":[{"@type":"WebPage","@id":"https:\/\/luxiegroup.com.ec\/index.php\/nuestras-marcas\/leroy-sommer\/","url":"https:\/\/luxiegroup.com.ec\/index.php\/nuestras-marcas\/leroy-sommer\/","name":"Leroy Sommer - Luxie Group","isPartOf":{"@id":"https:\/\/luxiegroup.com.ec\/#website"},"datePublished":"2022-08-05T18:01:45+00:00","dateModified":"2023-03-13T22:33:07+00:00","breadcrumb":{"@id":"https:\/\/luxiegroup.com.ec\/index.php\/nuestras-marcas\/leroy-sommer\/#breadcrumb"},"inLanguage":"es","potentialAction":[{"@type":"ReadAction","target":["https:\/\/luxiegroup.com.ec\/index.php\/nuestras-marcas\/leroy-sommer\/"]}]},{"@type":"BreadcrumbList","@id":"https:\/\/luxiegroup.com.ec\/index.php\/nuestras-marcas\/leroy-sommer\/#breadcrumb","itemListElement":[{"@type":"ListItem","position":1,"name":"Home","item":"https:\/\/luxiegroup.com.ec\/"},{"@type":"ListItem","position":2,"name":"NUESTRAS MARCAS","item":"https:\/\/luxiegroup.com.ec\/index.php\/nuestras-marcas\/"},{"@type":"ListItem","position":3,"name":"Leroy Sommer"}]},{"@type":"WebSite","@id":"https:\/\/luxiegroup.com.ec\/#website","url":"https:\/\/luxiegroup.com.ec\/","name":"Luxie Group","description":"Equipo El\u00e9ctrico Industrial","potentialAction":[{"@type":"SearchAction","target":{"@type":"EntryPoint","urlTemplate":"https:\/\/luxiegroup.com.ec\/?s={search_term_string}"},"query-input":{"@type":"PropertyValueSpecification","valueRequired":true,"valueName":"search_term_string"}}],"inLanguage":"es"}]}},"_links":{"self":[{"href":"https:\/\/luxiegroup.com.ec\/index.php\/wp-json\/wp\/v2\/pages\/58","targetHints":{"allow":["GET"]}}],"collection":[{"href":"https:\/\/luxiegroup.com.ec\/index.php\/wp-json\/wp\/v2\/pages"}],"about":[{"href":"https:\/\/luxiegroup.com.ec\/index.php\/wp-json\/wp\/v2\/types\/page"}],"author":[{"embeddable":true,"href":"https:\/\/luxiegroup.com.ec\/index.php\/wp-json\/wp\/v2\/users\/2"}],"replies":[{"embeddable":true,"href":"https:\/\/luxiegroup.com.ec\/index.php\/wp-json\/wp\/v2\/comments?post=58"}],"version-history":[{"count":33,"href":"https:\/\/luxiegroup.com.ec\/index.php\/wp-json\/wp\/v2\/pages\/58\/revisions"}],"predecessor-version":[{"id":618,"href":"https:\/\/luxiegroup.com.ec\/index.php\/wp-json\/wp\/v2\/pages\/58\/revisions\/618"}],"up":[{"embeddable":true,"href":"https:\/\/luxiegroup.com.ec\/index.php\/wp-json\/wp\/v2\/pages\/48"}],"wp:attachment":[{"href":"https:\/\/luxiegroup.com.ec\/index.php\/wp-json\/wp\/v2\/media?parent=58"}],"curies":[{"name":"wp","href":"https:\/\/api.w.org\/{rel}","templated":true}]}}